{"id":9,"date":"2024-03-02T22:59:11","date_gmt":"2024-03-02T21:59:11","guid":{"rendered":"https:\/\/instaenergia.com\/?page_id=9"},"modified":"2024-08-05T17:36:51","modified_gmt":"2024-08-05T15:36:51","slug":"insta-energia-electricidad","status":"publish","type":"page","link":"https:\/\/instaenergia.com\/","title":{"rendered":"Inicio"},"content":{"rendered":"\n<div class=\"wp-block-cover alignfull\" style=\"min-height:600px;aspect-ratio:unset;\"><span aria-hidden=\"true\" class=\"wp-block-cover__background has-background-dim-60 has-background-dim\"><\/span><img decoding=\"async\" width=\"1280\" height=\"853\" class=\"wp-block-cover__image-background wp-image-40 lazyload\" alt=\"\" data-src=\"https:\/\/instaenergia.com\/wp-content\/uploads\/2024\/03\/energy-crisis-7493583_1280.jpg\" data-object-fit=\"cover\" data-srcset=\"https:\/\/instaenergia.com\/wp-content\/uploads\/2024\/03\/energy-crisis-7493583_1280.jpg 1280w, https:\/\/instaenergia.com\/wp-content\/uploads\/2024\/03\/energy-crisis-7493583_1280-300x200.jpg 300w, https:\/\/instaenergia.com\/wp-content\/uploads\/2024\/03\/energy-crisis-7493583_1280-1024x682.jpg 1024w, https:\/\/instaenergia.com\/wp-content\/uploads\/2024\/03\/energy-crisis-7493583_1280-768x512.jpg 768w, https:\/\/instaenergia.com\/wp-content\/uploads\/2024\/03\/energy-crisis-7493583_1280-1140x760.jpg 1140w\" data-sizes=\"(max-width: 1280px) 100vw, 1280px\" src=\"data:image\/svg+xml;base64,PHN2ZyB3aWR0aD0iMSIgaGVpZ2h0PSIxIiB4bWxucz0iaHR0cDovL3d3dy53My5vcmcvMjAwMC9zdmciPjwvc3ZnPg==\" style=\"--smush-placeholder-width: 1280px; --smush-placeholder-aspect-ratio: 1280\/853;\" \/><div class=\"wp-block-cover__inner-container is-layout-flow wp-block-cover-is-layout-flow\">\n<div class=\"wp-block-columns is-layout-flex wp-container-core-columns-is-layout-9d6595d7 wp-block-columns-is-layout-flex\">\n<div class=\"wp-block-column is-layout-flow wp-block-column-is-layout-flow\">\n<h1 class=\"wp-block-heading has-large-font-size\">InstaEnerg\u00eda: instalaciones el\u00e9ctricas<\/h1>\n\n\n\n<hr class=\"wp-block-separator has-text-color has-main-color has-alpha-channel-opacity has-main-background-color has-background mt-2 mb-15\"\/>\n\n\n\n<p>Somos EMPRESA INSTALADORA AUTORIZADA por industria en categor\u00eda Especialista.<\/p>\n\n\n\n<div class=\"wp-block-buttons is-layout-flex wp-block-buttons-is-layout-flex\">\n<div class=\"wp-block-button\"><a class=\"wp-block-button__link wp-element-button\" href=\"https:\/\/instaenergia.com\/index.php\/contacts\/\">Cont\u00e1ctanos<\/a><\/div>\n\n\n\n<div class=\"wp-block-button is-style-arrow\"><a class=\"wp-block-button__link has-main-background-color has-background wp-element-button\" href=\"https:\/\/instaenergia.com\/index.php\/services\/\">Nuestros servicios<\/a><\/div>\n<\/div>\n<\/div>\n\n\n\n<div class=\"wp-block-column is-layout-flow wp-block-column-is-layout-flow\"><\/div>\n<\/div>\n<\/div><\/div>\n\n\n\n<div class=\"wp-block-group  pt-5 pb-3 is-layout-flow wp-block-group-is-layout-flow\">\n<h2 class=\"wp-block-heading has-text-align-center mb-05 has-xxl-font-size\">Servicio profesional<\/h2>\n\n\n\n<p class=\"has-text-align-center has-normal-font-size\">En InstaEnerg\u00eda nos tomamos a nuestros clientes muy enserio.<\/p>\n\n\n\n<hr class=\"wp-block-separator has-css-opacity center mt-2\"\/>\n<\/div>\n\n\n\n<div class=\"wp-block-columns is-layout-flex wp-container-core-columns-is-layout-9d6595d7 wp-block-columns-is-layout-flex\">\n<div class=\"wp-block-column is-layout-flow wp-block-column-is-layout-flow\">\n<h2 class=\"wp-block-heading is-style-circle-bg has-huge-font-size\"><mark style=\"background-color:var(--colorMain)\" class=\"has-inline-color has-light-color\">1<\/mark><\/h2>\n\n\n\n<h3 class=\"wp-block-heading\" style=\"margin-top:1px;margin-bottom:15px\">Puntualidad<\/h3>\n\n\n\n<p>Si decimos que vamos: vamos. Y aunque los imprevistos pueden ocurrir siempre te contactaremos para avisarte.<\/p>\n<\/div>\n\n\n\n<div class=\"wp-block-column is-layout-flow wp-block-column-is-layout-flow\">\n<h2 class=\"wp-block-heading is-style-circle-bg has-huge-font-size\"><mark style=\"background-color:var(--colorMain)\" class=\"has-inline-color has-light-color\">2<\/mark><\/h2>\n\n\n\n<h3 class=\"wp-block-heading\" style=\"margin-top:1px;margin-bottom:15px\">Seriedad<\/h3>\n\n\n\n<p>El diagn\u00f3stico se realiza siempre previas comprobaciones con la instrumentaci\u00f3n apropiada.<\/p>\n<\/div>\n\n\n\n<div class=\"wp-block-column is-layout-flow wp-block-column-is-layout-flow\">\n<h2 class=\"wp-block-heading is-style-circle-bg has-huge-font-size\"><mark style=\"background-color:var(--colorMain)\" class=\"has-inline-color has-light-color\">3<\/mark><\/h2>\n\n\n\n<h3 class=\"wp-block-heading\" style=\"margin-top:1px;margin-bottom:15px\">Pulcritud<\/h3>\n\n\n\n<p>No notar\u00e1s que estuvimos all\u00ed. <\/p>\n<\/div>\n\n\n\n<div class=\"wp-block-column is-layout-flow wp-block-column-is-layout-flow\">\n<h2 class=\"wp-block-heading is-style-circle-bg has-huge-font-size\"><mark style=\"background-color:var(--colorMain)\" class=\"has-inline-color has-light-color\">4<\/mark><\/h2>\n\n\n\n<h3 class=\"wp-block-heading\" style=\"margin-top:1px;margin-bottom:15px\">Sin sorpresas<\/h3>\n\n\n\n<p>Te ofrecemos un precio cerrado cuando realizamos un presupuesto y lo respetamos.<\/p>\n<\/div>\n<\/div>\n\n\n\n<div class=\"wp-block-buttons is-content-justification-center is-layout-flex wp-container-core-buttons-is-layout-16018d1d wp-block-buttons-is-layout-flex\">\n<div class=\"wp-block-button\"><a class=\"wp-block-button__link wp-element-button\" href=\"https:\/\/instaenergia.com\/index.php\/contacts\/\">Cont\u00e1ctanos<\/a><\/div>\n\n\n\n<div class=\"wp-block-button is-style-arrow\"><a class=\"wp-block-button__link has-main-background-color has-background wp-element-button\" href=\"https:\/\/instaenergia.com\/index.php\/solicitar-presupuesto\/\">Pide presupuesto<\/a><\/div>\n<\/div>\n\n\n\n<div class=\"wp-block-group section l m pb-3 pt-5 is-layout-flow wp-block-group-is-layout-flow\">\n<h2 class=\"wp-block-heading has-text-align-center\">Fiabilidad<\/h2>\n\n\n\n<p class=\"has-text-align-center\">Te explicamos las cosas como son, para que t\u00fa decidas qu\u00e9 hacer en cada momento.<\/p>\n\n\n\n<hr class=\"wp-block-separator has-text-color has-main-color has-alpha-channel-opacity has-main-background-color has-background center mt-2\"\/>\n<\/div>\n\n\n\n<div class=\"wp-block-group section l m pb-6 is-layout-flow wp-block-group-is-layout-flow\">\n<div class=\"wp-block-media-text is-stacked-on-mobile is-vertically-aligned-center\"><figure class=\"wp-block-media-text__media\"><img decoding=\"async\" width=\"1024\" height=\"682\" data-src=\"https:\/\/instaenergia.com\/wp-content\/uploads\/2024\/03\/electric-1080585_1280-1024x682.jpg\" alt=\"\" class=\"wp-image-41 size-full lazyload\" data-srcset=\"https:\/\/instaenergia.com\/wp-content\/uploads\/2024\/03\/electric-1080585_1280-1024x682.jpg 1024w, https:\/\/instaenergia.com\/wp-content\/uploads\/2024\/03\/electric-1080585_1280-300x200.jpg 300w, https:\/\/instaenergia.com\/wp-content\/uploads\/2024\/03\/electric-1080585_1280-768x511.jpg 768w, https:\/\/instaenergia.com\/wp-content\/uploads\/2024\/03\/electric-1080585_1280-1140x759.jpg 1140w, https:\/\/instaenergia.com\/wp-content\/uploads\/2024\/03\/electric-1080585_1280.jpg 1280w\" data-sizes=\"(max-width: 1024px) 100vw, 1024px\" src=\"data:image\/svg+xml;base64,PHN2ZyB3aWR0aD0iMSIgaGVpZ2h0PSIxIiB4bWxucz0iaHR0cDovL3d3dy53My5vcmcvMjAwMC9zdmciPjwvc3ZnPg==\" style=\"--smush-placeholder-width: 1024px; --smush-placeholder-aspect-ratio: 1024\/682;\" \/><\/figure><div class=\"wp-block-media-text__content\">\n<h2 class=\"wp-block-heading has-huge-font-size\">Revisa peri\u00f3dicamente tu <br><mark style=\"background-color:rgba(0, 0, 0, 0)\" class=\"has-inline-color has-main-color\">cuadro el\u00e9ctrico<\/mark>.<\/h2>\n\n\n\n<p class=\"has-normal-font-size\">Es mucho m\u00e1s que una cuesti\u00f3n legal, es una cuesti\u00f3n de seguridad para las personas que utilizan la instalaci\u00f3n el\u00e9ctrica a diario.<br><br>Es recomendable revisar tu instalaci\u00f3n al menos cada 2 a\u00f1os (o anualmente si se trata de un negocio).<\/p>\n\n\n\n<div class=\"wp-block-columns is-layout-flex wp-container-core-columns-is-layout-9d6595d7 wp-block-columns-is-layout-flex\">\n<div class=\"wp-block-column is-layout-flow wp-block-column-is-layout-flow\">\n<h2 class=\"wp-block-heading has-text-align-center\" style=\"margin-top:0px;margin-right:0px;margin-bottom:0px;margin-left:0px\">100%<\/h2>\n\n\n\n<p class=\"has-text-align-center\">Fiabilidad<\/p>\n<\/div>\n<\/div>\n<\/div><\/div>\n\n\n\n<div class=\"wp-block-media-text alignwide has-media-on-the-right is-stacked-on-mobile is-vertically-aligned-center\"><div class=\"wp-block-media-text__content\">\n<p class=\"is-style-small-text\"><mark style=\"background-color:var(--colorMain)\" class=\"has-inline-color has-light-color\">EFICIENCIA ENERG\u00c9TICA<\/mark><\/p>\n\n\n\n<h2 class=\"wp-block-heading has-huge-font-size\" style=\"margin-top:0px\">Realiza un estudio<br><mark style=\"background-color:rgba(0, 0, 0, 0)\" class=\"has-inline-color has-main-color\">de tu consumo el\u00e9ctrico<\/mark>.<\/h2>\n\n\n\n<p class=\"has-normal-font-size\">A menudo pagamos mucho m\u00e1s por la electricidad de lo que deber\u00edamos: contratamos m\u00e1s potencia de la que consumimos, podemos mejorar el uso de nuestros electrodom\u00e9sticos, etc<\/p>\n\n\n\n<div class=\"wp-block-columns is-layout-flex wp-container-core-columns-is-layout-9d6595d7 wp-block-columns-is-layout-flex\">\n<div class=\"wp-block-column is-layout-flow wp-block-column-is-layout-flow\">\n<ul class=\"wp-block-list styled\">\n<li>Revisi\u00f3n de tarifas<\/li>\n\n\n\n<li>Estudio de potencia<\/li>\n<\/ul>\n<\/div>\n\n\n\n<div class=\"wp-block-column is-layout-flow wp-block-column-is-layout-flow\">\n<ul class=\"wp-block-list styled\">\n<li>Estudio de consumos<\/li>\n\n\n\n<li>Recomendaciones a medida<\/li>\n<\/ul>\n<\/div>\n<\/div>\n<\/div><figure class=\"wp-block-media-text__media\"><img decoding=\"async\" width=\"1024\" height=\"576\" data-src=\"https:\/\/instaenergia.com\/wp-content\/uploads\/2024\/03\/lightbulb-3104355_1280-1024x576.jpg\" alt=\"\" class=\"wp-image-42 size-full lazyload\" data-srcset=\"https:\/\/instaenergia.com\/wp-content\/uploads\/2024\/03\/lightbulb-3104355_1280-1024x576.jpg 1024w, https:\/\/instaenergia.com\/wp-content\/uploads\/2024\/03\/lightbulb-3104355_1280-300x169.jpg 300w, https:\/\/instaenergia.com\/wp-content\/uploads\/2024\/03\/lightbulb-3104355_1280-768x432.jpg 768w, https:\/\/instaenergia.com\/wp-content\/uploads\/2024\/03\/lightbulb-3104355_1280-1140x641.jpg 1140w, https:\/\/instaenergia.com\/wp-content\/uploads\/2024\/03\/lightbulb-3104355_1280.jpg 1280w\" data-sizes=\"(max-width: 1024px) 100vw, 1024px\" src=\"data:image\/svg+xml;base64,PHN2ZyB3aWR0aD0iMSIgaGVpZ2h0PSIxIiB4bWxucz0iaHR0cDovL3d3dy53My5vcmcvMjAwMC9zdmciPjwvc3ZnPg==\" style=\"--smush-placeholder-width: 1024px; --smush-placeholder-aspect-ratio: 1024\/576;\" \/><\/figure><\/div>\n\n\n\n<div class=\"wp-block-media-text is-stacked-on-mobile is-vertically-aligned-center\"><figure class=\"wp-block-media-text__media\"><img decoding=\"async\" width=\"1024\" height=\"582\" data-src=\"https:\/\/instaenergia.com\/wp-content\/uploads\/2024\/03\/mantenimiento-coche-electrico-2-1024x582.jpg\" alt=\"\" class=\"wp-image-75 size-full lazyload\" data-srcset=\"https:\/\/instaenergia.com\/wp-content\/uploads\/2024\/03\/mantenimiento-coche-electrico-2-1024x582.jpg 1024w, https:\/\/instaenergia.com\/wp-content\/uploads\/2024\/03\/mantenimiento-coche-electrico-2-300x171.jpg 300w, https:\/\/instaenergia.com\/wp-content\/uploads\/2024\/03\/mantenimiento-coche-electrico-2-768x436.jpg 768w, https:\/\/instaenergia.com\/wp-content\/uploads\/2024\/03\/mantenimiento-coche-electrico-2-1140x648.jpg 1140w, https:\/\/instaenergia.com\/wp-content\/uploads\/2024\/03\/mantenimiento-coche-electrico-2.jpg 1200w\" data-sizes=\"(max-width: 1024px) 100vw, 1024px\" src=\"data:image\/svg+xml;base64,PHN2ZyB3aWR0aD0iMSIgaGVpZ2h0PSIxIiB4bWxucz0iaHR0cDovL3d3dy53My5vcmcvMjAwMC9zdmciPjwvc3ZnPg==\" style=\"--smush-placeholder-width: 1024px; --smush-placeholder-aspect-ratio: 1024\/582;\" \/><\/figure><div class=\"wp-block-media-text__content\">\n<h2 class=\"wp-block-heading has-huge-font-size\">Carga en tu propio garaje tu<br><mark style=\"background-color:rgba(0, 0, 0, 0)\" class=\"has-inline-color has-main-color\">veh\u00edculo el\u00e9ctrico<\/mark>.<\/h2>\n\n\n\n<p class=\"mb-15 has-normal-font-size\">Dejar un veh\u00edculo en la calle tiene sus riesgos, incluso reduce la vida \u00fatil del mismo y por ello si tienes garaje es preferible utilizarlo.<\/p>\n\n\n\n<div class=\"wp-block-columns is-not-stacked-on-mobile gap-15 is-layout-flex wp-container-core-columns-is-layout-9d6595d7 wp-block-columns-is-layout-flex\">\n<div class=\"wp-block-column is-layout-flow wp-block-column-is-layout-flow\" style=\"flex-basis:40px\">\n<figure class=\"wp-block-image size-full is-resized\"><img decoding=\"async\" data-src=\"https:\/\/instaenergia.com\/wp-content\/themes\/exs\/assets\/img\/icon-color.png\" alt=\"\" class=\"wp-image-1480 lazyload\" style=\"--smush-placeholder-width: 100px; --smush-placeholder-aspect-ratio: 100\/100;width:50px;height:50px\" src=\"data:image\/svg+xml;base64,PHN2ZyB3aWR0aD0iMSIgaGVpZ2h0PSIxIiB4bWxucz0iaHR0cDovL3d3dy53My5vcmcvMjAwMC9zdmciPjwvc3ZnPg==\" \/><\/figure>\n<\/div>\n\n\n\n<div class=\"wp-block-column is-layout-flow wp-block-column-is-layout-flow\">\n<h4 class=\"wp-block-heading\" style=\"margin-bottom:0.5em\">Todos los modos de carga<\/h4>\n\n\n\n<p>Sea cual sea tu veh\u00edculo te propondremos una soluci\u00f3n adecuada.<\/p>\n<\/div>\n<\/div>\n\n\n\n<div class=\"wp-block-columns is-not-stacked-on-mobile gap-15 is-layout-flex wp-container-core-columns-is-layout-9d6595d7 wp-block-columns-is-layout-flex\">\n<div class=\"wp-block-column is-layout-flow wp-block-column-is-layout-flow\" style=\"flex-basis:40px\">\n<figure class=\"wp-block-image size-full is-resized\"><img decoding=\"async\" data-src=\"https:\/\/instaenergia.com\/wp-content\/themes\/exs\/assets\/img\/icon-color.png\" alt=\"\" class=\"wp-image-1480 lazyload\" style=\"--smush-placeholder-width: 100px; --smush-placeholder-aspect-ratio: 100\/100;width:50px;height:50px\" src=\"data:image\/svg+xml;base64,PHN2ZyB3aWR0aD0iMSIgaGVpZ2h0PSIxIiB4bWxucz0iaHR0cDovL3d3dy53My5vcmcvMjAwMC9zdmciPjwvc3ZnPg==\" \/><\/figure>\n<\/div>\n\n\n\n<div class=\"wp-block-column is-layout-flow wp-block-column-is-layout-flow\">\n<h4 class=\"wp-block-heading\" style=\"margin-bottom:0.5em\">Incluso con tramos horarios<\/h4>\n\n\n\n<p>\u00bfQuieres que solo cargue durante las horas valle? Nosotros nos ocupamos.<\/p>\n<\/div>\n<\/div>\n<\/div><\/div>\n<\/div>\n\n\n\n<p><\/p>\n\n\n\n<div style=\"height:43px\" aria-hidden=\"true\" class=\"wp-block-spacer\"><\/div>\n\n\n\n<div style=\"height:85px\" aria-hidden=\"true\" class=\"wp-block-spacer\"><\/div>\n","protected":false},"excerpt":{"rendered":"<p>Servicio profesional En InstaEnerg\u00eda nos tomamos a nuestros clientes muy enserio. 1 Puntualidad Si decimos que vamos: vamos. Y aunque los imprevistos pueden ocurrir siempre te contactaremos para avisarte. 2<span class=\"more-dots\">&#8230;<\/span><\/p>\n","protected":false},"author":1,"featured_media":0,"parent":0,"menu_order":0,"comment_status":"closed","ping_status":"closed","template":"page-templates\/no-sidebar-no-title.php","meta":{"footnotes":""},"class_list":["post-9","page","type-page","status-publish","hentry","no-post-thumbnail"],"yoast_head":"<!-- This site is optimized with the Yoast SEO plugin v27.3 - https:\/\/yoast.com\/product\/yoast-seo-wordpress\/ -->\n<title>Inicio - Insta Energ\u00eda<\/title>\n<meta name=\"description\" content=\"Instalador El\u00e9ctrico Autorizado categor\u00eda Especialista. Desde nuevas instalaciones y reformas integrales a peque\u00f1as reparaciones.\" \/>\n<meta name=\"robots\" content=\"index, follow, max-snippet:-1, max-image-preview:large, max-video-preview:-1\" \/>\n<link rel=\"canonical\" href=\"https:\/\/instaenergia.com\/\" \/>\n<meta property=\"og:locale\" content=\"es_ES\" \/>\n<meta property=\"og:type\" content=\"article\" \/>\n<meta property=\"og:title\" content=\"Inicio - Insta Energ\u00eda\" \/>\n<meta property=\"og:description\" content=\"Instalador El\u00e9ctrico Autorizado categor\u00eda Especialista. Desde nuevas instalaciones y reformas integrales a peque\u00f1as reparaciones.\" \/>\n<meta property=\"og:url\" content=\"https:\/\/instaenergia.com\/\" \/>\n<meta property=\"og:site_name\" content=\"Insta Energ\u00eda\" \/>\n<meta property=\"article:modified_time\" content=\"2024-08-05T15:36:51+00:00\" \/>\n<meta property=\"og:image\" content=\"https:\/\/instaenergia.com\/wp-content\/uploads\/2024\/03\/energy-crisis-7493583_1280.jpg\" \/>\n<meta name=\"twitter:card\" content=\"summary_large_image\" \/>\n<meta name=\"twitter:label1\" content=\"Tiempo de lectura\" \/>\n\t<meta name=\"twitter:data1\" content=\"3 minutos\" \/>\n<script type=\"application\/ld+json\" class=\"yoast-schema-graph\">{\"@context\":\"https:\\\/\\\/schema.org\",\"@graph\":[{\"@type\":\"WebPage\",\"@id\":\"https:\\\/\\\/instaenergia.com\\\/\",\"url\":\"https:\\\/\\\/instaenergia.com\\\/\",\"name\":\"Inicio - Insta Energ\u00eda\",\"isPartOf\":{\"@id\":\"https:\\\/\\\/instaenergia.com\\\/#website\"},\"primaryImageOfPage\":{\"@id\":\"https:\\\/\\\/instaenergia.com\\\/#primaryimage\"},\"image\":{\"@id\":\"https:\\\/\\\/instaenergia.com\\\/#primaryimage\"},\"thumbnailUrl\":\"https:\\\/\\\/instaenergia.com\\\/wp-content\\\/uploads\\\/2024\\\/03\\\/energy-crisis-7493583_1280.jpg\",\"datePublished\":\"2024-03-02T21:59:11+00:00\",\"dateModified\":\"2024-08-05T15:36:51+00:00\",\"description\":\"Instalador El\u00e9ctrico Autorizado categor\u00eda Especialista. Desde nuevas instalaciones y reformas integrales a peque\u00f1as reparaciones.\",\"breadcrumb\":{\"@id\":\"https:\\\/\\\/instaenergia.com\\\/#breadcrumb\"},\"inLanguage\":\"es\",\"potentialAction\":[{\"@type\":\"ReadAction\",\"target\":[\"https:\\\/\\\/instaenergia.com\\\/\"]}]},{\"@type\":\"ImageObject\",\"inLanguage\":\"es\",\"@id\":\"https:\\\/\\\/instaenergia.com\\\/#primaryimage\",\"url\":\"https:\\\/\\\/instaenergia.com\\\/wp-content\\\/uploads\\\/2024\\\/03\\\/energy-crisis-7493583_1280.jpg\",\"contentUrl\":\"https:\\\/\\\/instaenergia.com\\\/wp-content\\\/uploads\\\/2024\\\/03\\\/energy-crisis-7493583_1280.jpg\",\"width\":1280,\"height\":853},{\"@type\":\"BreadcrumbList\",\"@id\":\"https:\\\/\\\/instaenergia.com\\\/#breadcrumb\",\"itemListElement\":[{\"@type\":\"ListItem\",\"position\":1,\"name\":\"Portada\",\"item\":\"https:\\\/\\\/instaenergia.com\\\/\"},{\"@type\":\"ListItem\",\"position\":2,\"name\":\"Inicio\"}]},{\"@type\":\"WebSite\",\"@id\":\"https:\\\/\\\/instaenergia.com\\\/#website\",\"url\":\"https:\\\/\\\/instaenergia.com\\\/\",\"name\":\"Insta Energ\u00eda\",\"description\":\"Instalaciones el\u00e9ctricas\",\"publisher\":{\"@id\":\"https:\\\/\\\/instaenergia.com\\\/#organization\"},\"potentialAction\":[{\"@type\":\"SearchAction\",\"target\":{\"@type\":\"EntryPoint\",\"urlTemplate\":\"https:\\\/\\\/instaenergia.com\\\/?s={search_term_string}\"},\"query-input\":{\"@type\":\"PropertyValueSpecification\",\"valueRequired\":true,\"valueName\":\"search_term_string\"}}],\"inLanguage\":\"es\"},{\"@type\":\"Organization\",\"@id\":\"https:\\\/\\\/instaenergia.com\\\/#organization\",\"name\":\"Insta Energ\u00eda\",\"url\":\"https:\\\/\\\/instaenergia.com\\\/\",\"logo\":{\"@type\":\"ImageObject\",\"inLanguage\":\"es\",\"@id\":\"https:\\\/\\\/instaenergia.com\\\/#\\\/schema\\\/logo\\\/image\\\/\",\"url\":\"https:\\\/\\\/instaenergia.com\\\/wp-content\\\/uploads\\\/2024\\\/08\\\/fulllogo_nobuffer.png\",\"contentUrl\":\"https:\\\/\\\/instaenergia.com\\\/wp-content\\\/uploads\\\/2024\\\/08\\\/fulllogo_nobuffer.png\",\"width\":1280,\"height\":577,\"caption\":\"Insta Energ\u00eda\"},\"image\":{\"@id\":\"https:\\\/\\\/instaenergia.com\\\/#\\\/schema\\\/logo\\\/image\\\/\"}}]}<\/script>\n<!-- \/ Yoast SEO plugin. -->","yoast_head_json":{"title":"Inicio - Insta Energ\u00eda","description":"Instalador El\u00e9ctrico Autorizado categor\u00eda Especialista. Desde nuevas instalaciones y reformas integrales a peque\u00f1as reparaciones.","robots":{"index":"index","follow":"follow","max-snippet":"max-snippet:-1","max-image-preview":"max-image-preview:large","max-video-preview":"max-video-preview:-1"},"canonical":"https:\/\/instaenergia.com\/","og_locale":"es_ES","og_type":"article","og_title":"Inicio - Insta Energ\u00eda","og_description":"Instalador El\u00e9ctrico Autorizado categor\u00eda Especialista. Desde nuevas instalaciones y reformas integrales a peque\u00f1as reparaciones.","og_url":"https:\/\/instaenergia.com\/","og_site_name":"Insta Energ\u00eda","article_modified_time":"2024-08-05T15:36:51+00:00","og_image":[{"url":"https:\/\/instaenergia.com\/wp-content\/uploads\/2024\/03\/energy-crisis-7493583_1280.jpg","type":"","width":"","height":""}],"twitter_card":"summary_large_image","twitter_misc":{"Tiempo de lectura":"3 minutos"},"schema":{"@context":"https:\/\/schema.org","@graph":[{"@type":"WebPage","@id":"https:\/\/instaenergia.com\/","url":"https:\/\/instaenergia.com\/","name":"Inicio - Insta Energ\u00eda","isPartOf":{"@id":"https:\/\/instaenergia.com\/#website"},"primaryImageOfPage":{"@id":"https:\/\/instaenergia.com\/#primaryimage"},"image":{"@id":"https:\/\/instaenergia.com\/#primaryimage"},"thumbnailUrl":"https:\/\/instaenergia.com\/wp-content\/uploads\/2024\/03\/energy-crisis-7493583_1280.jpg","datePublished":"2024-03-02T21:59:11+00:00","dateModified":"2024-08-05T15:36:51+00:00","description":"Instalador El\u00e9ctrico Autorizado categor\u00eda Especialista. Desde nuevas instalaciones y reformas integrales a peque\u00f1as reparaciones.","breadcrumb":{"@id":"https:\/\/instaenergia.com\/#breadcrumb"},"inLanguage":"es","potentialAction":[{"@type":"ReadAction","target":["https:\/\/instaenergia.com\/"]}]},{"@type":"ImageObject","inLanguage":"es","@id":"https:\/\/instaenergia.com\/#primaryimage","url":"https:\/\/instaenergia.com\/wp-content\/uploads\/2024\/03\/energy-crisis-7493583_1280.jpg","contentUrl":"https:\/\/instaenergia.com\/wp-content\/uploads\/2024\/03\/energy-crisis-7493583_1280.jpg","width":1280,"height":853},{"@type":"BreadcrumbList","@id":"https:\/\/instaenergia.com\/#breadcrumb","itemListElement":[{"@type":"ListItem","position":1,"name":"Portada","item":"https:\/\/instaenergia.com\/"},{"@type":"ListItem","position":2,"name":"Inicio"}]},{"@type":"WebSite","@id":"https:\/\/instaenergia.com\/#website","url":"https:\/\/instaenergia.com\/","name":"Insta Energ\u00eda","description":"Instalaciones el\u00e9ctricas","publisher":{"@id":"https:\/\/instaenergia.com\/#organization"},"potentialAction":[{"@type":"SearchAction","target":{"@type":"EntryPoint","urlTemplate":"https:\/\/instaenergia.com\/?s={search_term_string}"},"query-input":{"@type":"PropertyValueSpecification","valueRequired":true,"valueName":"search_term_string"}}],"inLanguage":"es"},{"@type":"Organization","@id":"https:\/\/instaenergia.com\/#organization","name":"Insta Energ\u00eda","url":"https:\/\/instaenergia.com\/","logo":{"@type":"ImageObject","inLanguage":"es","@id":"https:\/\/instaenergia.com\/#\/schema\/logo\/image\/","url":"https:\/\/instaenergia.com\/wp-content\/uploads\/2024\/08\/fulllogo_nobuffer.png","contentUrl":"https:\/\/instaenergia.com\/wp-content\/uploads\/2024\/08\/fulllogo_nobuffer.png","width":1280,"height":577,"caption":"Insta Energ\u00eda"},"image":{"@id":"https:\/\/instaenergia.com\/#\/schema\/logo\/image\/"}}]}},"_links":{"self":[{"href":"https:\/\/instaenergia.com\/index.php\/wp-json\/wp\/v2\/pages\/9","targetHints":{"allow":["GET"]}}],"collection":[{"href":"https:\/\/instaenergia.com\/index.php\/wp-json\/wp\/v2\/pages"}],"about":[{"href":"https:\/\/instaenergia.com\/index.php\/wp-json\/wp\/v2\/types\/page"}],"author":[{"embeddable":true,"href":"https:\/\/instaenergia.com\/index.php\/wp-json\/wp\/v2\/users\/1"}],"replies":[{"embeddable":true,"href":"https:\/\/instaenergia.com\/index.php\/wp-json\/wp\/v2\/comments?post=9"}],"version-history":[{"count":10,"href":"https:\/\/instaenergia.com\/index.php\/wp-json\/wp\/v2\/pages\/9\/revisions"}],"predecessor-version":[{"id":196,"href":"https:\/\/instaenergia.com\/index.php\/wp-json\/wp\/v2\/pages\/9\/revisions\/196"}],"wp:attachment":[{"href":"https:\/\/instaenergia.com\/index.php\/wp-json\/wp\/v2\/media?parent=9"}],"curies":[{"name":"wp","href":"https:\/\/api.w.org\/{rel}","templated":true}]}}