{"id":255,"date":"2024-10-30T20:15:46","date_gmt":"2024-10-30T19:15:46","guid":{"rendered":"https:\/\/instaenergia.com\/?page_id=255"},"modified":"2024-10-30T20:36:22","modified_gmt":"2024-10-30T19:36:22","slug":"terminos-y-condiciones-de-servicio","status":"publish","type":"page","link":"https:\/\/instaenergia.com\/index.php\/terminos-y-condiciones-de-servicio\/","title":{"rendered":"T\u00e9rminos y Condiciones de Servicio"},"content":{"rendered":"\n<p><\/p>\n\n\n\n<h2 class=\"wp-block-heading\">Servicios a Domicilio<\/h2>\n\n\n\n<p>Todos nuestros servicios se prestan en el domicilio del cliente debido a su naturaleza. <\/p>\n\n\n\n<p><strong>FACTURACI\u00d3N M\u00cdNIMA<\/strong><\/p>\n\n\n\n<p>En cualquier servicio se facturar\u00e1, como m\u00ednimo, desplazamiento y primera hora (completa). El tiempo adicional se facturar\u00e1 en fracciones de media hora.<\/p>\n\n\n\n<p><strong>TRABAJOS BAJO PRESUPUESTO<\/strong><\/p>\n\n\n\n<p>Cualquier trabajo bajo presupuesto que supere la cantidad de 300\u20ac (IVA incluido) podr\u00e1 requerir el pago del 50% por adelantado para ser agendado.<\/p>\n\n\n\n<p>En el caso de materiales por encargo se podr\u00e1 solicitar el pago previo completo de la partida de materiales. En caso de cancelaci\u00f3n de un trabajo con materiales por encargo estos deber\u00e1n ser abonados igualmente (y quedar\u00e1n a disposici\u00f3n del cliente).<\/p>\n\n\n\n<h2 class=\"wp-block-heading\">Cita Previa<\/h2>\n\n\n\n<p>A excepci\u00f3n de los servicios de urgencia, todos nuestros servicio se prestan con cita previa, que ser\u00e1 acordada de mutuo acuerdo entre el cliente y la empresa.<\/p>\n\n\n\n<p><strong>CONDICIONES DE CANCELACI\u00d3N (POR PARTE DEL CLIENTE)<\/strong><\/p>\n\n\n\n<ul class=\"wp-block-list\">\n<li>Con m\u00e1s de 24h: Gratuita. Cuando el cliente cancele la cita con m\u00e1s de 24h de antelaci\u00f3n no se le realizar\u00e1 ning\u00fan cargo.<\/li>\n\n\n\n<li>Con menos de 24h: Cuando el cliente cancele la cita con menos de 24h de antelaci\u00f3n se le facturar\u00e1 una hora de Servicio T\u00e9cnico en concepto de reserva de agenda. <\/li>\n\n\n\n<li>Sin aviso: Cuando el cliente no reciba al t\u00e9cnico en el domicilio en la fecha y hora acordada se le facturar\u00e1 el desplazamiento y una hora de Servicio T\u00e9cnico en concepto de los gastos incurridos y la reserva de agenda.<\/li>\n<\/ul>\n\n\n\n<p><strong>RETRASOS Y CAMBIOS (POR PARTE DE LA EMPRESA)<\/strong><\/p>\n\n\n\n<ul class=\"wp-block-list\">\n<li>Cualquier retraso superior a 30 minutos ser\u00e1 notificado por medios electr\u00f3nicos o llamada telef\u00f3nica. <\/li>\n\n\n\n<li>Cualquier cambio de fecha y hora deber\u00e1 contar con la conformidad del Cliente.<\/li>\n\n\n\n<li>Cuando se produzca cualquier cambio (o retraso superior a 30 minutos) por parte de la empresa, el cliente tendr\u00e1 derecho a cancelar la cita previa de forma gratuita. <\/li>\n<\/ul>\n\n\n\n<h2 class=\"wp-block-heading\">M\u00e9todos de Pago<\/h2>\n\n\n\n<p>Las facturas podr\u00e1n ser abonadas en <strong>efectivo o tarjeta<\/strong>. Adicionalmente, para trabajos bajo presupuesto podr\u00e1 realizarse el pago por <strong>transferencia bancaria<\/strong>.<\/p>\n\n\n\n<p>De acuerdo a la <strong>Ley 11\/2021, de 9 de julio, de medidas de prevenci\u00f3n y lucha contra el fraude fiscal<\/strong>, no admitimos pagos en efectivo cuando estos superen los 1000\u20ac (tampoco parciales). Estos deber\u00e1n ser realizados por medios electr\u00f3nicos en su totalidad (tarjeta o transferencia bancaria).<\/p>\n\n\n\n<p><strong>IMPAGOS<\/strong><\/p>\n\n\n\n<p>La reclamaci\u00f3n de facturas vencidas conllevar\u00e1 un coste de 50\u20ac+IVA en concepto de gastos de gesti\u00f3n. Tras la oportuna reclamaci\u00f3n, si el impago persistiera, se reclamar\u00e1 judicialmente generando los intereses correspondiente contemplados legalmente. <\/p>\n","protected":false},"excerpt":{"rendered":"<p>Servicios a Domicilio Todos nuestros servicios se prestan en el domicilio del cliente debido a su naturaleza. FACTURACI\u00d3N M\u00cdNIMA En cualquier servicio se facturar\u00e1, como m\u00ednimo, desplazamiento y primera hora<span class=\"more-dots\">&#8230;<\/span><\/p>\n","protected":false},"author":1,"featured_media":0,"parent":0,"menu_order":0,"comment_status":"closed","ping_status":"closed","template":"","meta":{"footnotes":""},"class_list":["post-255","page","type-page","status-publish","hentry","no-post-thumbnail"],"yoast_head":"<!-- This site is optimized with the Yoast SEO plugin v27.5 - https:\/\/yoast.com\/product\/yoast-seo-wordpress\/ -->\n<title>T\u00e9rminos y Condiciones de Servicio - Insta Energ\u00eda<\/title>\n<meta name=\"robots\" content=\"index, follow, max-snippet:-1, max-image-preview:large, max-video-preview:-1\" \/>\n<link rel=\"canonical\" href=\"https:\/\/instaenergia.com\/index.php\/terminos-y-condiciones-de-servicio\/\" \/>\n<meta property=\"og:locale\" content=\"es_ES\" \/>\n<meta property=\"og:type\" content=\"article\" \/>\n<meta property=\"og:title\" content=\"T\u00e9rminos y Condiciones de Servicio - Insta Energ\u00eda\" \/>\n<meta property=\"og:description\" content=\"Servicios a Domicilio Todos nuestros servicios se prestan en el domicilio del cliente debido a su naturaleza. FACTURACI\u00d3N M\u00cdNIMA En cualquier servicio se facturar\u00e1, como m\u00ednimo, desplazamiento y primera hora...\" \/>\n<meta property=\"og:url\" content=\"https:\/\/instaenergia.com\/index.php\/terminos-y-condiciones-de-servicio\/\" \/>\n<meta property=\"og:site_name\" content=\"Insta Energ\u00eda\" \/>\n<meta property=\"article:modified_time\" content=\"2024-10-30T19:36:22+00:00\" \/>\n<meta name=\"twitter:card\" content=\"summary_large_image\" \/>\n<meta name=\"twitter:label1\" content=\"Tiempo de lectura\" \/>\n\t<meta name=\"twitter:data1\" content=\"2 minutos\" \/>\n<script type=\"application\/ld+json\" class=\"yoast-schema-graph\">{\"@context\":\"https:\\\/\\\/schema.org\",\"@graph\":[{\"@type\":\"WebPage\",\"@id\":\"https:\\\/\\\/instaenergia.com\\\/index.php\\\/terminos-y-condiciones-de-servicio\\\/\",\"url\":\"https:\\\/\\\/instaenergia.com\\\/index.php\\\/terminos-y-condiciones-de-servicio\\\/\",\"name\":\"T\u00e9rminos y Condiciones de Servicio - Insta Energ\u00eda\",\"isPartOf\":{\"@id\":\"https:\\\/\\\/instaenergia.com\\\/#website\"},\"datePublished\":\"2024-10-30T19:15:46+00:00\",\"dateModified\":\"2024-10-30T19:36:22+00:00\",\"breadcrumb\":{\"@id\":\"https:\\\/\\\/instaenergia.com\\\/index.php\\\/terminos-y-condiciones-de-servicio\\\/#breadcrumb\"},\"inLanguage\":\"es\",\"potentialAction\":[{\"@type\":\"ReadAction\",\"target\":[\"https:\\\/\\\/instaenergia.com\\\/index.php\\\/terminos-y-condiciones-de-servicio\\\/\"]}]},{\"@type\":\"BreadcrumbList\",\"@id\":\"https:\\\/\\\/instaenergia.com\\\/index.php\\\/terminos-y-condiciones-de-servicio\\\/#breadcrumb\",\"itemListElement\":[{\"@type\":\"ListItem\",\"position\":1,\"name\":\"Portada\",\"item\":\"https:\\\/\\\/instaenergia.com\\\/\"},{\"@type\":\"ListItem\",\"position\":2,\"name\":\"T\u00e9rminos y Condiciones de Servicio\"}]},{\"@type\":\"WebSite\",\"@id\":\"https:\\\/\\\/instaenergia.com\\\/#website\",\"url\":\"https:\\\/\\\/instaenergia.com\\\/\",\"name\":\"Insta Energ\u00eda\",\"description\":\"Instalaciones el\u00e9ctricas\",\"publisher\":{\"@id\":\"https:\\\/\\\/instaenergia.com\\\/#organization\"},\"potentialAction\":[{\"@type\":\"SearchAction\",\"target\":{\"@type\":\"EntryPoint\",\"urlTemplate\":\"https:\\\/\\\/instaenergia.com\\\/?s={search_term_string}\"},\"query-input\":{\"@type\":\"PropertyValueSpecification\",\"valueRequired\":true,\"valueName\":\"search_term_string\"}}],\"inLanguage\":\"es\"},{\"@type\":\"Organization\",\"@id\":\"https:\\\/\\\/instaenergia.com\\\/#organization\",\"name\":\"Insta Energ\u00eda\",\"url\":\"https:\\\/\\\/instaenergia.com\\\/\",\"logo\":{\"@type\":\"ImageObject\",\"inLanguage\":\"es\",\"@id\":\"https:\\\/\\\/instaenergia.com\\\/#\\\/schema\\\/logo\\\/image\\\/\",\"url\":\"https:\\\/\\\/instaenergia.com\\\/wp-content\\\/uploads\\\/2024\\\/08\\\/fulllogo_nobuffer.png\",\"contentUrl\":\"https:\\\/\\\/instaenergia.com\\\/wp-content\\\/uploads\\\/2024\\\/08\\\/fulllogo_nobuffer.png\",\"width\":1280,\"height\":577,\"caption\":\"Insta Energ\u00eda\"},\"image\":{\"@id\":\"https:\\\/\\\/instaenergia.com\\\/#\\\/schema\\\/logo\\\/image\\\/\"}}]}<\/script>\n<!-- \/ Yoast SEO plugin. -->","yoast_head_json":{"title":"T\u00e9rminos y Condiciones de Servicio - Insta Energ\u00eda","robots":{"index":"index","follow":"follow","max-snippet":"max-snippet:-1","max-image-preview":"max-image-preview:large","max-video-preview":"max-video-preview:-1"},"canonical":"https:\/\/instaenergia.com\/index.php\/terminos-y-condiciones-de-servicio\/","og_locale":"es_ES","og_type":"article","og_title":"T\u00e9rminos y Condiciones de Servicio - Insta Energ\u00eda","og_description":"Servicios a Domicilio Todos nuestros servicios se prestan en el domicilio del cliente debido a su naturaleza. FACTURACI\u00d3N M\u00cdNIMA En cualquier servicio se facturar\u00e1, como m\u00ednimo, desplazamiento y primera hora...","og_url":"https:\/\/instaenergia.com\/index.php\/terminos-y-condiciones-de-servicio\/","og_site_name":"Insta Energ\u00eda","article_modified_time":"2024-10-30T19:36:22+00:00","twitter_card":"summary_large_image","twitter_misc":{"Tiempo de lectura":"2 minutos"},"schema":{"@context":"https:\/\/schema.org","@graph":[{"@type":"WebPage","@id":"https:\/\/instaenergia.com\/index.php\/terminos-y-condiciones-de-servicio\/","url":"https:\/\/instaenergia.com\/index.php\/terminos-y-condiciones-de-servicio\/","name":"T\u00e9rminos y Condiciones de Servicio - Insta Energ\u00eda","isPartOf":{"@id":"https:\/\/instaenergia.com\/#website"},"datePublished":"2024-10-30T19:15:46+00:00","dateModified":"2024-10-30T19:36:22+00:00","breadcrumb":{"@id":"https:\/\/instaenergia.com\/index.php\/terminos-y-condiciones-de-servicio\/#breadcrumb"},"inLanguage":"es","potentialAction":[{"@type":"ReadAction","target":["https:\/\/instaenergia.com\/index.php\/terminos-y-condiciones-de-servicio\/"]}]},{"@type":"BreadcrumbList","@id":"https:\/\/instaenergia.com\/index.php\/terminos-y-condiciones-de-servicio\/#breadcrumb","itemListElement":[{"@type":"ListItem","position":1,"name":"Portada","item":"https:\/\/instaenergia.com\/"},{"@type":"ListItem","position":2,"name":"T\u00e9rminos y Condiciones de Servicio"}]},{"@type":"WebSite","@id":"https:\/\/instaenergia.com\/#website","url":"https:\/\/instaenergia.com\/","name":"Insta Energ\u00eda","description":"Instalaciones el\u00e9ctricas","publisher":{"@id":"https:\/\/instaenergia.com\/#organization"},"potentialAction":[{"@type":"SearchAction","target":{"@type":"EntryPoint","urlTemplate":"https:\/\/instaenergia.com\/?s={search_term_string}"},"query-input":{"@type":"PropertyValueSpecification","valueRequired":true,"valueName":"search_term_string"}}],"inLanguage":"es"},{"@type":"Organization","@id":"https:\/\/instaenergia.com\/#organization","name":"Insta Energ\u00eda","url":"https:\/\/instaenergia.com\/","logo":{"@type":"ImageObject","inLanguage":"es","@id":"https:\/\/instaenergia.com\/#\/schema\/logo\/image\/","url":"https:\/\/instaenergia.com\/wp-content\/uploads\/2024\/08\/fulllogo_nobuffer.png","contentUrl":"https:\/\/instaenergia.com\/wp-content\/uploads\/2024\/08\/fulllogo_nobuffer.png","width":1280,"height":577,"caption":"Insta Energ\u00eda"},"image":{"@id":"https:\/\/instaenergia.com\/#\/schema\/logo\/image\/"}}]}},"_links":{"self":[{"href":"https:\/\/instaenergia.com\/index.php\/wp-json\/wp\/v2\/pages\/255","targetHints":{"allow":["GET"]}}],"collection":[{"href":"https:\/\/instaenergia.com\/index.php\/wp-json\/wp\/v2\/pages"}],"about":[{"href":"https:\/\/instaenergia.com\/index.php\/wp-json\/wp\/v2\/types\/page"}],"author":[{"embeddable":true,"href":"https:\/\/instaenergia.com\/index.php\/wp-json\/wp\/v2\/users\/1"}],"replies":[{"embeddable":true,"href":"https:\/\/instaenergia.com\/index.php\/wp-json\/wp\/v2\/comments?post=255"}],"version-history":[{"count":2,"href":"https:\/\/instaenergia.com\/index.php\/wp-json\/wp\/v2\/pages\/255\/revisions"}],"predecessor-version":[{"id":258,"href":"https:\/\/instaenergia.com\/index.php\/wp-json\/wp\/v2\/pages\/255\/revisions\/258"}],"wp:attachment":[{"href":"https:\/\/instaenergia.com\/index.php\/wp-json\/wp\/v2\/media?parent=255"}],"curies":[{"name":"wp","href":"https:\/\/api.w.org\/{rel}","templated":true}]}}