{"id":13,"date":"2024-03-02T22:59:11","date_gmt":"2024-03-02T21:59:11","guid":{"rendered":"https:\/\/instaenergia.com\/?page_id=13"},"modified":"2024-09-09T18:04:15","modified_gmt":"2024-09-09T16:04:15","slug":"contacto","status":"publish","type":"page","link":"https:\/\/instaenergia.com\/index.php\/contacto\/","title":{"rendered":"Contacto"},"content":{"rendered":"\n<h6 class=\"wp-block-heading has-text-align-center is-style-small-text\"><\/h6>\n\n\n\n<div class=\"wp-block-group  pt-1 pb-1 is-layout-flow wp-block-group-is-layout-flow\"><\/div>\n\n\n\n<div class=\"wp-block-columns  cols-single-sm gap-30 cols-rounded cols-bordered cols-padding pb-6 pt-2 cols-shadow-hover is-layout-flex wp-container-core-columns-is-layout-9d6595d7 wp-block-columns-is-layout-flex\">\n<div class=\"wp-block-column is-layout-flow wp-block-column-is-layout-flow\">\n<figure class=\"wp-block-image aligncenter size-large is-resized mb-0\"><img decoding=\"async\" data-src=\"https:\/\/instaenergia.com\/wp-content\/themes\/exs\/assets\/img\/call-outline.png\" alt=\"\" class=\"wp-image-524 lazyload\" style=\"--smush-placeholder-width: 150px; --smush-placeholder-aspect-ratio: 150\/150;width:100px;height:100px\" src=\"data:image\/svg+xml;base64,PHN2ZyB3aWR0aD0iMSIgaGVpZ2h0PSIxIiB4bWxucz0iaHR0cDovL3d3dy53My5vcmcvMjAwMC9zdmciPjwvc3ZnPg==\" \/><\/figure>\n\n\n\n<h4 class=\"wp-block-heading has-text-align-center mt-05 mb-0\"><strong>Tel\u00e9fono <\/strong><\/h4>\n\n\n\n<p class=\"has-text-align-center mt-1\"><strong>613 086 893<\/strong><\/p>\n\n\n\n<p class=\"has-text-align-center mt-1\">o<br>Escr\u00edbenos por <a href=\"https:\/\/wa.me\/613086893\">WhatsApp<\/a><br><\/p>\n<\/div>\n\n\n\n<div class=\"wp-block-column is-layout-flow wp-block-column-is-layout-flow\">\n<figure class=\"wp-block-image aligncenter size-large is-resized mb-0\"><img decoding=\"async\" data-src=\"https:\/\/instaenergia.com\/wp-content\/themes\/exs\/assets\/img\/alarm-outline.png\" alt=\"\" class=\"wp-image-500 lazyload\" style=\"--smush-placeholder-width: 150px; --smush-placeholder-aspect-ratio: 150\/150;width:100px;height:100px\" src=\"data:image\/svg+xml;base64,PHN2ZyB3aWR0aD0iMSIgaGVpZ2h0PSIxIiB4bWxucz0iaHR0cDovL3d3dy53My5vcmcvMjAwMC9zdmciPjwvc3ZnPg==\" \/><\/figure>\n\n\n\n<h4 class=\"wp-block-heading has-text-align-center mt-05 mb-0\"><strong>Horario<\/strong><\/h4>\n\n\n\n<p class=\"has-text-align-center mt-1\"><strong>Lunes-Viernes:<\/strong> 10H &#8211; 18H<br><br><em>Urgencias fuera de horario laboral, en fines de semana o festivo seg\u00fan disponibilidad del t\u00e9cnico.<\/em><\/p>\n<\/div>\n\n\n\n<div class=\"wp-block-column is-layout-flow wp-block-column-is-layout-flow\">\n<figure class=\"wp-block-image aligncenter size-large is-resized mb-0\"><img decoding=\"async\" data-src=\"https:\/\/instaenergia.com\/wp-content\/themes\/exs\/assets\/img\/location-outline.png\" alt=\"\" style=\"--smush-placeholder-width: 150px; --smush-placeholder-aspect-ratio: 150\/150;width:100px;height:100px\" src=\"data:image\/svg+xml;base64,PHN2ZyB3aWR0aD0iMSIgaGVpZ2h0PSIxIiB4bWxucz0iaHR0cDovL3d3dy53My5vcmcvMjAwMC9zdmciPjwvc3ZnPg==\" class=\"lazyload\" \/><\/figure>\n\n\n\n<h4 class=\"wp-block-heading has-text-align-center mt-05 mb-0\"><strong>\u00c1rea Geogr\u00e1fica<\/strong><\/h4>\n\n\n\n<p class=\"has-text-align-center mt-1\">Trabajamos en toda la provincia de <strong>Zamora<\/strong> y <strong>Le\u00f3n<\/strong><\/p>\n\n\n\n<p class=\"has-text-align-center mt-1\"><br><em>(Otras localizaciones consultar)<\/em><br><\/p>\n<\/div>\n\n\n\n<div class=\"wp-block-column is-layout-flow wp-block-column-is-layout-flow\">\n<figure class=\"wp-block-image aligncenter size-large is-resized mb-0\"><img decoding=\"async\" data-src=\"https:\/\/instaenergia.com\/wp-content\/themes\/exs\/assets\/img\/mail-outline.png\" alt=\"\" class=\"wp-image-501 lazyload\" style=\"--smush-placeholder-width: 150px; --smush-placeholder-aspect-ratio: 150\/150;width:100px;height:100px\" src=\"data:image\/svg+xml;base64,PHN2ZyB3aWR0aD0iMSIgaGVpZ2h0PSIxIiB4bWxucz0iaHR0cDovL3d3dy53My5vcmcvMjAwMC9zdmciPjwvc3ZnPg==\" \/><\/figure>\n\n\n\n<h4 class=\"wp-block-heading has-text-align-center mt-05 mb-0\"><strong>Enviar mensaje<\/strong><\/h4>\n\n\n\n<p><br>Rellenando el formulario a continuaci\u00f3n.<\/p>\n<\/div>\n<\/div>\n\n\n\n<p><strong>FORMULARIO DE CONTACTO<\/strong><\/p>\n\n\n<div class=\"wpforms-container wpforms-container-full wpforms-block wpforms-block-1cc0c72b-35fa-4685-a2df-fc2a02b08641 wpforms-render-modern\" id=\"wpforms-122\"><form id=\"wpforms-form-122\" class=\"wpforms-validate wpforms-form wpforms-ajax-form\" data-formid=\"122\" method=\"post\" enctype=\"multipart\/form-data\" action=\"\/index.php\/wp-json\/wp\/v2\/pages\/13\" data-token=\"df97fe8ce5308c0eb45243dbbb50b9d1\" data-token-time=\"1778070659\"><noscript class=\"wpforms-error-noscript\">Por favor, activa JavaScript en tu navegador para completar este formulario.<\/noscript><div id=\"wpforms-error-noscript\" style=\"display: none;\">Por favor, activa JavaScript en tu navegador para completar este formulario.<\/div><div class=\"wpforms-field-container\"><div id=\"wpforms-122-field_0-container\" class=\"wpforms-field wpforms-field-name\" data-field-id=\"0\"><label class=\"wpforms-field-label\" for=\"wpforms-122-field_0\">Nombre <span class=\"wpforms-required-label\" aria-hidden=\"true\">*<\/span><\/label><input type=\"text\" id=\"wpforms-122-field_0\" class=\"wpforms-field-medium wpforms-field-required\" name=\"wpforms[fields][0]\" aria-errormessage=\"wpforms-122-field_0-error\" required><\/div><div id=\"wpforms-122-field_1-container\" class=\"wpforms-field wpforms-field-email\" data-field-id=\"1\"><label class=\"wpforms-field-label\" for=\"wpforms-122-field_1\">Correo electr\u00f3nico <span class=\"wpforms-required-label\" aria-hidden=\"true\">*<\/span><\/label><input type=\"email\" id=\"wpforms-122-field_1\" class=\"wpforms-field-medium wpforms-field-required\" name=\"wpforms[fields][1]\" spellcheck=\"false\" aria-errormessage=\"wpforms-122-field_1-error\" required><\/div><div id=\"wpforms-122-field_3-container\" class=\"wpforms-field wpforms-field-text\" data-field-id=\"3\"><label class=\"wpforms-field-label\" for=\"wpforms-122-field_3\">Tel\u00e9fono <span class=\"wpforms-required-label\" aria-hidden=\"true\">*<\/span><\/label><input type=\"text\" id=\"wpforms-122-field_3\" class=\"wpforms-field-medium wpforms-field-required\" name=\"wpforms[fields][3]\" aria-errormessage=\"wpforms-122-field_3-error\" required><\/div><div id=\"wpforms-122-field_4-container\" class=\"wpforms-field wpforms-field-radio\" data-field-id=\"4\"><fieldset><legend class=\"wpforms-field-label\">\u00bfC\u00f3mo prefieres que te contactemos?<\/legend><ul id=\"wpforms-122-field_4\"><li class=\"choice-1 depth-1 wpforms-selected\"><input type=\"radio\" id=\"wpforms-122-field_4_1\" name=\"wpforms[fields][4]\" value=\"Tel\u00e9fono\" aria-errormessage=\"wpforms-122-field_4_1-error\"   checked='checked'><label class=\"wpforms-field-label-inline\" for=\"wpforms-122-field_4_1\">Tel\u00e9fono<\/label><\/li><li class=\"choice-2 depth-1\"><input type=\"radio\" id=\"wpforms-122-field_4_2\" name=\"wpforms[fields][4]\" value=\"WhatsApp\" aria-errormessage=\"wpforms-122-field_4_2-error\"  ><label class=\"wpforms-field-label-inline\" for=\"wpforms-122-field_4_2\">WhatsApp<\/label><\/li><li class=\"choice-3 depth-1\"><input type=\"radio\" id=\"wpforms-122-field_4_3\" name=\"wpforms[fields][4]\" value=\"Correo electr\u00f3nico\" aria-errormessage=\"wpforms-122-field_4_3-error\"  ><label class=\"wpforms-field-label-inline\" for=\"wpforms-122-field_4_3\">Correo electr\u00f3nico<\/label><\/li><\/ul><\/fieldset><\/div><div id=\"wpforms-122-field_2-container\" class=\"wpforms-field wpforms-field-textarea\" data-field-id=\"2\"><label class=\"wpforms-field-label\" for=\"wpforms-122-field_2\">Comentario o mensaje<\/label><textarea id=\"wpforms-122-field_2\" class=\"wpforms-field-medium\" name=\"wpforms[fields][2]\" aria-errormessage=\"wpforms-122-field_2-error\" ><\/textarea><\/div><\/div><!-- .wpforms-field-container --><div class=\"wpforms-submit-container\" ><input type=\"hidden\" name=\"wpforms[id]\" value=\"122\"><input type=\"hidden\" name=\"page_title\" value=\"\"><input type=\"hidden\" name=\"page_url\" value=\"https:\/\/instaenergia.com\/index.php\/wp-json\/wp\/v2\/pages\/13\"><input type=\"hidden\" name=\"url_referer\" value=\"\"><button type=\"submit\" name=\"wpforms[submit]\" id=\"wpforms-submit-122\" class=\"wpforms-submit\" data-alt-text=\"Enviando...\" data-submit-text=\"Enviar\" aria-live=\"assertive\" value=\"wpforms-submit\">Enviar<\/button><img decoding=\"async\" data-src=\"https:\/\/instaenergia.com\/wp-content\/plugins\/wpforms-lite\/assets\/images\/submit-spin.svg\" class=\"wpforms-submit-spinner lazyload\" style=\"--smush-placeholder-width: 26px; --smush-placeholder-aspect-ratio: 26\/26;display: none;\" width=\"26\" height=\"26\" alt=\"Cargando\" src=\"data:image\/svg+xml;base64,PHN2ZyB3aWR0aD0iMSIgaGVpZ2h0PSIxIiB4bWxucz0iaHR0cDovL3d3dy53My5vcmcvMjAwMC9zdmciPjwvc3ZnPg==\"><\/div><\/form><\/div>  <!-- .wpforms-container -->\n\n\n<p><\/p>\n\n\n\n<div class=\"wp-block-columns is-layout-flex wp-container-core-columns-is-layout-9d6595d7 wp-block-columns-is-layout-flex\">\n<div class=\"wp-block-column is-layout-flow wp-block-column-is-layout-flow\">\n<p><\/p>\n<\/div>\n\n\n\n<div class=\"wp-block-column is-layout-flow wp-block-column-is-layout-flow\"><\/div>\n<\/div>\n","protected":false},"excerpt":{"rendered":"<p>Tel\u00e9fono 613 086 893 oEscr\u00edbenos por WhatsApp Horario Lunes-Viernes: 10H &#8211; 18H Urgencias fuera de horario laboral, en fines de semana o festivo seg\u00fan disponibilidad del t\u00e9cnico. \u00c1rea Geogr\u00e1fica Trabajamos<span class=\"more-dots\">&#8230;<\/span><\/p>\n","protected":false},"author":1,"featured_media":0,"parent":0,"menu_order":0,"comment_status":"closed","ping_status":"closed","template":"","meta":{"footnotes":""},"class_list":["post-13","page","type-page","status-publish","hentry","no-post-thumbnail"],"yoast_head":"<!-- This site is optimized with the Yoast SEO plugin v27.5 - https:\/\/yoast.com\/product\/yoast-seo-wordpress\/ -->\n<title>Contacto - Insta Energ\u00eda<\/title>\n<meta name=\"description\" content=\"Trabajamos en toda la provincia de Zamora y Le\u00f3n, otras localizaciones consultar\" \/>\n<meta name=\"robots\" content=\"noindex, follow\" \/>\n<meta property=\"og:locale\" content=\"es_ES\" \/>\n<meta property=\"og:type\" content=\"article\" \/>\n<meta property=\"og:title\" content=\"Contacto - Insta Energ\u00eda\" \/>\n<meta property=\"og:description\" content=\"Trabajamos en toda la provincia de Zamora y Le\u00f3n, otras localizaciones consultar\" \/>\n<meta property=\"og:url\" content=\"https:\/\/instaenergia.com\/index.php\/contacto\/\" \/>\n<meta property=\"og:site_name\" content=\"Insta Energ\u00eda\" \/>\n<meta property=\"article:modified_time\" content=\"2024-09-09T16:04:15+00:00\" \/>\n<meta property=\"og:image\" content=\"https:\/\/instaenergia.com\/wp-content\/themes\/exs\/assets\/img\/call-outline.png\" \/>\n<meta name=\"twitter:card\" content=\"summary_large_image\" \/>\n<meta name=\"twitter:label1\" content=\"Tiempo de lectura\" \/>\n\t<meta name=\"twitter:data1\" content=\"2 minutos\" \/>\n<script type=\"application\/ld+json\" class=\"yoast-schema-graph\">{\"@context\":\"https:\\\/\\\/schema.org\",\"@graph\":[{\"@type\":\"WebPage\",\"@id\":\"https:\\\/\\\/instaenergia.com\\\/index.php\\\/contacto\\\/\",\"url\":\"https:\\\/\\\/instaenergia.com\\\/index.php\\\/contacto\\\/\",\"name\":\"Contacto - Insta Energ\u00eda\",\"isPartOf\":{\"@id\":\"https:\\\/\\\/instaenergia.com\\\/#website\"},\"primaryImageOfPage\":{\"@id\":\"https:\\\/\\\/instaenergia.com\\\/index.php\\\/contacto\\\/#primaryimage\"},\"image\":{\"@id\":\"https:\\\/\\\/instaenergia.com\\\/index.php\\\/contacto\\\/#primaryimage\"},\"thumbnailUrl\":\"https:\\\/\\\/instaenergia.com\\\/wp-content\\\/themes\\\/exs\\\/assets\\\/img\\\/call-outline.png\",\"datePublished\":\"2024-03-02T21:59:11+00:00\",\"dateModified\":\"2024-09-09T16:04:15+00:00\",\"description\":\"Trabajamos en toda la provincia de Zamora y Le\u00f3n, otras localizaciones consultar\",\"breadcrumb\":{\"@id\":\"https:\\\/\\\/instaenergia.com\\\/index.php\\\/contacto\\\/#breadcrumb\"},\"inLanguage\":\"es\",\"potentialAction\":[{\"@type\":\"ReadAction\",\"target\":[\"https:\\\/\\\/instaenergia.com\\\/index.php\\\/contacto\\\/\"]}]},{\"@type\":\"ImageObject\",\"inLanguage\":\"es\",\"@id\":\"https:\\\/\\\/instaenergia.com\\\/index.php\\\/contacto\\\/#primaryimage\",\"url\":\"\",\"contentUrl\":\"\"},{\"@type\":\"BreadcrumbList\",\"@id\":\"https:\\\/\\\/instaenergia.com\\\/index.php\\\/contacto\\\/#breadcrumb\",\"itemListElement\":[{\"@type\":\"ListItem\",\"position\":1,\"name\":\"Portada\",\"item\":\"https:\\\/\\\/instaenergia.com\\\/\"},{\"@type\":\"ListItem\",\"position\":2,\"name\":\"Contacto\"}]},{\"@type\":\"WebSite\",\"@id\":\"https:\\\/\\\/instaenergia.com\\\/#website\",\"url\":\"https:\\\/\\\/instaenergia.com\\\/\",\"name\":\"Insta Energ\u00eda\",\"description\":\"Instalaciones el\u00e9ctricas\",\"publisher\":{\"@id\":\"https:\\\/\\\/instaenergia.com\\\/#organization\"},\"potentialAction\":[{\"@type\":\"SearchAction\",\"target\":{\"@type\":\"EntryPoint\",\"urlTemplate\":\"https:\\\/\\\/instaenergia.com\\\/?s={search_term_string}\"},\"query-input\":{\"@type\":\"PropertyValueSpecification\",\"valueRequired\":true,\"valueName\":\"search_term_string\"}}],\"inLanguage\":\"es\"},{\"@type\":\"Organization\",\"@id\":\"https:\\\/\\\/instaenergia.com\\\/#organization\",\"name\":\"Insta Energ\u00eda\",\"url\":\"https:\\\/\\\/instaenergia.com\\\/\",\"logo\":{\"@type\":\"ImageObject\",\"inLanguage\":\"es\",\"@id\":\"https:\\\/\\\/instaenergia.com\\\/#\\\/schema\\\/logo\\\/image\\\/\",\"url\":\"https:\\\/\\\/instaenergia.com\\\/wp-content\\\/uploads\\\/2024\\\/08\\\/fulllogo_nobuffer.png\",\"contentUrl\":\"https:\\\/\\\/instaenergia.com\\\/wp-content\\\/uploads\\\/2024\\\/08\\\/fulllogo_nobuffer.png\",\"width\":1280,\"height\":577,\"caption\":\"Insta Energ\u00eda\"},\"image\":{\"@id\":\"https:\\\/\\\/instaenergia.com\\\/#\\\/schema\\\/logo\\\/image\\\/\"}}]}<\/script>\n<!-- \/ Yoast SEO plugin. -->","yoast_head_json":{"title":"Contacto - Insta Energ\u00eda","description":"Trabajamos en toda la provincia de Zamora y Le\u00f3n, otras localizaciones consultar","robots":{"index":"noindex","follow":"follow"},"og_locale":"es_ES","og_type":"article","og_title":"Contacto - Insta Energ\u00eda","og_description":"Trabajamos en toda la provincia de Zamora y Le\u00f3n, otras localizaciones consultar","og_url":"https:\/\/instaenergia.com\/index.php\/contacto\/","og_site_name":"Insta Energ\u00eda","article_modified_time":"2024-09-09T16:04:15+00:00","og_image":[{"url":"https:\/\/instaenergia.com\/wp-content\/themes\/exs\/assets\/img\/call-outline.png","type":"","width":"","height":""}],"twitter_card":"summary_large_image","twitter_misc":{"Tiempo de lectura":"2 minutos"},"schema":{"@context":"https:\/\/schema.org","@graph":[{"@type":"WebPage","@id":"https:\/\/instaenergia.com\/index.php\/contacto\/","url":"https:\/\/instaenergia.com\/index.php\/contacto\/","name":"Contacto - Insta Energ\u00eda","isPartOf":{"@id":"https:\/\/instaenergia.com\/#website"},"primaryImageOfPage":{"@id":"https:\/\/instaenergia.com\/index.php\/contacto\/#primaryimage"},"image":{"@id":"https:\/\/instaenergia.com\/index.php\/contacto\/#primaryimage"},"thumbnailUrl":"https:\/\/instaenergia.com\/wp-content\/themes\/exs\/assets\/img\/call-outline.png","datePublished":"2024-03-02T21:59:11+00:00","dateModified":"2024-09-09T16:04:15+00:00","description":"Trabajamos en toda la provincia de Zamora y Le\u00f3n, otras localizaciones consultar","breadcrumb":{"@id":"https:\/\/instaenergia.com\/index.php\/contacto\/#breadcrumb"},"inLanguage":"es","potentialAction":[{"@type":"ReadAction","target":["https:\/\/instaenergia.com\/index.php\/contacto\/"]}]},{"@type":"ImageObject","inLanguage":"es","@id":"https:\/\/instaenergia.com\/index.php\/contacto\/#primaryimage","url":"","contentUrl":""},{"@type":"BreadcrumbList","@id":"https:\/\/instaenergia.com\/index.php\/contacto\/#breadcrumb","itemListElement":[{"@type":"ListItem","position":1,"name":"Portada","item":"https:\/\/instaenergia.com\/"},{"@type":"ListItem","position":2,"name":"Contacto"}]},{"@type":"WebSite","@id":"https:\/\/instaenergia.com\/#website","url":"https:\/\/instaenergia.com\/","name":"Insta Energ\u00eda","description":"Instalaciones el\u00e9ctricas","publisher":{"@id":"https:\/\/instaenergia.com\/#organization"},"potentialAction":[{"@type":"SearchAction","target":{"@type":"EntryPoint","urlTemplate":"https:\/\/instaenergia.com\/?s={search_term_string}"},"query-input":{"@type":"PropertyValueSpecification","valueRequired":true,"valueName":"search_term_string"}}],"inLanguage":"es"},{"@type":"Organization","@id":"https:\/\/instaenergia.com\/#organization","name":"Insta Energ\u00eda","url":"https:\/\/instaenergia.com\/","logo":{"@type":"ImageObject","inLanguage":"es","@id":"https:\/\/instaenergia.com\/#\/schema\/logo\/image\/","url":"https:\/\/instaenergia.com\/wp-content\/uploads\/2024\/08\/fulllogo_nobuffer.png","contentUrl":"https:\/\/instaenergia.com\/wp-content\/uploads\/2024\/08\/fulllogo_nobuffer.png","width":1280,"height":577,"caption":"Insta Energ\u00eda"},"image":{"@id":"https:\/\/instaenergia.com\/#\/schema\/logo\/image\/"}}]}},"_links":{"self":[{"href":"https:\/\/instaenergia.com\/index.php\/wp-json\/wp\/v2\/pages\/13","targetHints":{"allow":["GET"]}}],"collection":[{"href":"https:\/\/instaenergia.com\/index.php\/wp-json\/wp\/v2\/pages"}],"about":[{"href":"https:\/\/instaenergia.com\/index.php\/wp-json\/wp\/v2\/types\/page"}],"author":[{"embeddable":true,"href":"https:\/\/instaenergia.com\/index.php\/wp-json\/wp\/v2\/users\/1"}],"replies":[{"embeddable":true,"href":"https:\/\/instaenergia.com\/index.php\/wp-json\/wp\/v2\/comments?post=13"}],"version-history":[{"count":20,"href":"https:\/\/instaenergia.com\/index.php\/wp-json\/wp\/v2\/pages\/13\/revisions"}],"predecessor-version":[{"id":252,"href":"https:\/\/instaenergia.com\/index.php\/wp-json\/wp\/v2\/pages\/13\/revisions\/252"}],"wp:attachment":[{"href":"https:\/\/instaenergia.com\/index.php\/wp-json\/wp\/v2\/media?parent=13"}],"curies":[{"name":"wp","href":"https:\/\/api.w.org\/{rel}","templated":true}]}}