{"id":11,"date":"2024-03-02T22:59:11","date_gmt":"2024-03-02T21:59:11","guid":{"rendered":"https:\/\/instaenergia.com\/?page_id=11"},"modified":"2024-08-03T01:28:00","modified_gmt":"2024-08-02T23:28:00","slug":"boletin-electrico","status":"publish","type":"page","link":"https:\/\/instaenergia.com\/index.php\/boletin-electrico\/","title":{"rendered":"Certificado de Instalaci\u00f3n El\u00e9ctrica (CIE)"},"content":{"rendered":"\n<div class=\"wp-block-columns gap-60 is-layout-flex wp-container-core-columns-is-layout-9d6595d7 wp-block-columns-is-layout-flex\">\n<div class=\"wp-block-column is-layout-flow wp-block-column-is-layout-flow\">\n<figure class=\"wp-block-image size-large\"><img decoding=\"async\" width=\"1024\" height=\"682\" data-src=\"https:\/\/instaenergia.com\/wp-content\/uploads\/2024\/03\/electric-1080585_1280-1024x682.jpg\" alt=\"\" class=\"wp-image-41 lazyload\" data-srcset=\"https:\/\/instaenergia.com\/wp-content\/uploads\/2024\/03\/electric-1080585_1280-1024x682.jpg 1024w, https:\/\/instaenergia.com\/wp-content\/uploads\/2024\/03\/electric-1080585_1280-300x200.jpg 300w, https:\/\/instaenergia.com\/wp-content\/uploads\/2024\/03\/electric-1080585_1280-768x511.jpg 768w, https:\/\/instaenergia.com\/wp-content\/uploads\/2024\/03\/electric-1080585_1280-1140x759.jpg 1140w, https:\/\/instaenergia.com\/wp-content\/uploads\/2024\/03\/electric-1080585_1280.jpg 1280w\" data-sizes=\"(max-width: 1024px) 100vw, 1024px\" src=\"data:image\/svg+xml;base64,PHN2ZyB3aWR0aD0iMSIgaGVpZ2h0PSIxIiB4bWxucz0iaHR0cDovL3d3dy53My5vcmcvMjAwMC9zdmciPjwvc3ZnPg==\" style=\"--smush-placeholder-width: 1024px; --smush-placeholder-aspect-ratio: 1024\/682;\" \/><\/figure>\n\n\n\n<p><\/p>\n\n\n\n<h3 class=\"wp-block-heading\">\u00bfCu\u00e1ndo es necesario el <mark style=\"background-color:rgba(0, 0, 0, 0)\" class=\"has-inline-color has-main-color\">Bolet\u00edn el\u00e9ctrico (CIE)<\/mark>?<\/h3>\n\n\n\n<div class=\"wp-block-columns is-layout-flex wp-container-core-columns-is-layout-9d6595d7 wp-block-columns-is-layout-flex\">\n<div class=\"wp-block-column is-layout-flow wp-block-column-is-layout-flow\">\n<ul class=\"styled wp-block-list\">\n<li><strong>Alta<\/strong> inicial<\/li>\n\n\n\n<li><strong>Cambio de contrato<\/strong> en una instalaci\u00f3n de m\u00e1s de 20 a\u00f1os<\/li>\n\n\n\n<li>Un cambio de <strong>potencia<\/strong><\/li>\n\n\n\n<li><strong>Si cambiamos el tipo<\/strong> de instalaci\u00f3n de monof\u00e1sica a trif\u00e1sica<\/li>\n\n\n\n<li>Cualquier tipo de <strong>modificaci\u00f3n de importancia<\/strong><\/li>\n<\/ul>\n<\/div>\n<\/div>\n\n\n\n<div class=\"wp-block-buttons mt-15 is-layout-flex wp-block-buttons-is-layout-flex\">\n<div class=\"wp-block-button is-style-arrow\"><a class=\"wp-block-button__link wp-element-button\" href=\"https:\/\/instaenergia.com\/index.php\/contacts\/\">Cont\u00e1ctanos<\/a><\/div>\n<\/div>\n<\/div>\n\n\n\n<div class=\"wp-block-column is-layout-flow wp-block-column-is-layout-flow\">\n<h3 class=\"wp-block-heading\">\u00bfQu\u00e9 es?<\/h3>\n\n\n\n<p>El <strong>Bolet\u00edn El\u00e9ctrico<\/strong> o <strong>Certificado de Instalaci\u00f3n El\u00e9ctrica (CIE)<\/strong> es un documento oficial que certifica una instalaci\u00f3n el\u00e9ctrica y que esta cumple con los requisitos necesarios para el suministro. Sin este documento tu compa\u00f1\u00eda comercializadora o la distribuidora no sabe si tienes una instalaci\u00f3n adecuada para poder dar de alta la luz o subirte la potencia con todas las garant\u00edas, por ejemplo.<\/p>\n\n\n\n<h3 class=\"wp-block-heading\">\u00bfQui\u00e9n lo emite?<\/h3>\n\n\n\n<p>Aunque todo lo que tiene que ver con la luz parece complicado en este caso es bastante sencillo: el Bolet\u00edn El\u00e9ctrico lo debe emitir un <strong>instalador electricista autorizado<\/strong>.<\/p>\n\n\n\n<h3 class=\"wp-block-heading\">\u00bfQu\u00e9 incluye el bolet\u00edn?<\/h3>\n\n\n\n<p>Este documento recoge las caracter\u00edsticas de la instalaci\u00f3n y las mediciones de comprobaci\u00f3n.<br><br>De todos estos datos, el m\u00e1s importante para el cliente es el de la potencia m\u00e1xima admisible, ya que la potencia contratada deber\u00e1 ser igual o inferior al dato que figure en el CIE.<\/p>\n\n\n\n<p><br><\/p>\n<\/div>\n<\/div>\n","protected":false},"excerpt":{"rendered":"<p>\u00bfCu\u00e1ndo es necesario el Bolet\u00edn el\u00e9ctrico (CIE)? \u00bfQu\u00e9 es? El Bolet\u00edn El\u00e9ctrico o Certificado de Instalaci\u00f3n El\u00e9ctrica (CIE) es un documento oficial que certifica una instalaci\u00f3n el\u00e9ctrica y que esta<span class=\"more-dots\">&#8230;<\/span><\/p>\n","protected":false},"author":1,"featured_media":0,"parent":0,"menu_order":0,"comment_status":"closed","ping_status":"closed","template":"","meta":{"footnotes":""},"class_list":["post-11","page","type-page","status-publish","hentry","no-post-thumbnail"],"yoast_head":"<!-- This site is optimized with the Yoast SEO plugin v27.6 - https:\/\/yoast.com\/product\/yoast-seo-wordpress\/ -->\n<title>Certificado de Instalaci\u00f3n El\u00e9ctrica (CIE) - Insta Energ\u00eda<\/title>\n<meta name=\"description\" content=\"El Bolet\u00edn El\u00e9ctrico o Certificado de Instalaci\u00f3n El\u00e9ctrica (CIE) es un documento oficial que certifica una instalaci\u00f3n el\u00e9ctrica\" \/>\n<meta name=\"robots\" content=\"index, follow, max-snippet:-1, max-image-preview:large, max-video-preview:-1\" \/>\n<link rel=\"canonical\" href=\"https:\/\/instaenergia.com\/index.php\/boletin-electrico\/\" \/>\n<meta property=\"og:locale\" content=\"es_ES\" \/>\n<meta property=\"og:type\" content=\"article\" \/>\n<meta property=\"og:title\" content=\"Certificado de Instalaci\u00f3n El\u00e9ctrica (CIE) - Insta Energ\u00eda\" \/>\n<meta property=\"og:description\" content=\"El Bolet\u00edn El\u00e9ctrico o Certificado de Instalaci\u00f3n El\u00e9ctrica (CIE) es un documento oficial que certifica una instalaci\u00f3n el\u00e9ctrica\" \/>\n<meta property=\"og:url\" content=\"https:\/\/instaenergia.com\/index.php\/boletin-electrico\/\" \/>\n<meta property=\"og:site_name\" content=\"Insta Energ\u00eda\" \/>\n<meta property=\"article:modified_time\" content=\"2024-08-02T23:28:00+00:00\" \/>\n<meta property=\"og:image\" content=\"https:\/\/instaenergia.com\/wp-content\/uploads\/2024\/03\/electric-1080585_1280-1024x682.jpg\" \/>\n<meta name=\"twitter:card\" content=\"summary_large_image\" \/>\n<meta name=\"twitter:label1\" content=\"Tiempo de lectura\" \/>\n\t<meta name=\"twitter:data1\" content=\"2 minutos\" \/>\n<script type=\"application\/ld+json\" class=\"yoast-schema-graph\">{\"@context\":\"https:\\\/\\\/schema.org\",\"@graph\":[{\"@type\":\"WebPage\",\"@id\":\"https:\\\/\\\/instaenergia.com\\\/index.php\\\/boletin-electrico\\\/\",\"url\":\"https:\\\/\\\/instaenergia.com\\\/index.php\\\/boletin-electrico\\\/\",\"name\":\"Certificado de Instalaci\u00f3n El\u00e9ctrica (CIE) - Insta Energ\u00eda\",\"isPartOf\":{\"@id\":\"https:\\\/\\\/instaenergia.com\\\/#website\"},\"primaryImageOfPage\":{\"@id\":\"https:\\\/\\\/instaenergia.com\\\/index.php\\\/boletin-electrico\\\/#primaryimage\"},\"image\":{\"@id\":\"https:\\\/\\\/instaenergia.com\\\/index.php\\\/boletin-electrico\\\/#primaryimage\"},\"thumbnailUrl\":\"https:\\\/\\\/instaenergia.com\\\/wp-content\\\/uploads\\\/2024\\\/03\\\/electric-1080585_1280-1024x682.jpg\",\"datePublished\":\"2024-03-02T21:59:11+00:00\",\"dateModified\":\"2024-08-02T23:28:00+00:00\",\"description\":\"El Bolet\u00edn El\u00e9ctrico o Certificado de Instalaci\u00f3n El\u00e9ctrica (CIE) es un documento oficial que certifica una instalaci\u00f3n el\u00e9ctrica\",\"breadcrumb\":{\"@id\":\"https:\\\/\\\/instaenergia.com\\\/index.php\\\/boletin-electrico\\\/#breadcrumb\"},\"inLanguage\":\"es\",\"potentialAction\":[{\"@type\":\"ReadAction\",\"target\":[\"https:\\\/\\\/instaenergia.com\\\/index.php\\\/boletin-electrico\\\/\"]}]},{\"@type\":\"ImageObject\",\"inLanguage\":\"es\",\"@id\":\"https:\\\/\\\/instaenergia.com\\\/index.php\\\/boletin-electrico\\\/#primaryimage\",\"url\":\"https:\\\/\\\/instaenergia.com\\\/wp-content\\\/uploads\\\/2024\\\/03\\\/electric-1080585_1280.jpg\",\"contentUrl\":\"https:\\\/\\\/instaenergia.com\\\/wp-content\\\/uploads\\\/2024\\\/03\\\/electric-1080585_1280.jpg\",\"width\":1280,\"height\":852},{\"@type\":\"BreadcrumbList\",\"@id\":\"https:\\\/\\\/instaenergia.com\\\/index.php\\\/boletin-electrico\\\/#breadcrumb\",\"itemListElement\":[{\"@type\":\"ListItem\",\"position\":1,\"name\":\"Portada\",\"item\":\"https:\\\/\\\/instaenergia.com\\\/\"},{\"@type\":\"ListItem\",\"position\":2,\"name\":\"Certificado de Instalaci\u00f3n El\u00e9ctrica (CIE)\"}]},{\"@type\":\"WebSite\",\"@id\":\"https:\\\/\\\/instaenergia.com\\\/#website\",\"url\":\"https:\\\/\\\/instaenergia.com\\\/\",\"name\":\"Insta Energ\u00eda\",\"description\":\"Instalaciones el\u00e9ctricas\",\"publisher\":{\"@id\":\"https:\\\/\\\/instaenergia.com\\\/#organization\"},\"potentialAction\":[{\"@type\":\"SearchAction\",\"target\":{\"@type\":\"EntryPoint\",\"urlTemplate\":\"https:\\\/\\\/instaenergia.com\\\/?s={search_term_string}\"},\"query-input\":{\"@type\":\"PropertyValueSpecification\",\"valueRequired\":true,\"valueName\":\"search_term_string\"}}],\"inLanguage\":\"es\"},{\"@type\":\"Organization\",\"@id\":\"https:\\\/\\\/instaenergia.com\\\/#organization\",\"name\":\"Insta Energ\u00eda\",\"url\":\"https:\\\/\\\/instaenergia.com\\\/\",\"logo\":{\"@type\":\"ImageObject\",\"inLanguage\":\"es\",\"@id\":\"https:\\\/\\\/instaenergia.com\\\/#\\\/schema\\\/logo\\\/image\\\/\",\"url\":\"https:\\\/\\\/instaenergia.com\\\/wp-content\\\/uploads\\\/2024\\\/08\\\/fulllogo_nobuffer.png\",\"contentUrl\":\"https:\\\/\\\/instaenergia.com\\\/wp-content\\\/uploads\\\/2024\\\/08\\\/fulllogo_nobuffer.png\",\"width\":1280,\"height\":577,\"caption\":\"Insta Energ\u00eda\"},\"image\":{\"@id\":\"https:\\\/\\\/instaenergia.com\\\/#\\\/schema\\\/logo\\\/image\\\/\"}}]}<\/script>\n<!-- \/ Yoast SEO plugin. -->","yoast_head_json":{"title":"Certificado de Instalaci\u00f3n El\u00e9ctrica (CIE) - Insta Energ\u00eda","description":"El Bolet\u00edn El\u00e9ctrico o Certificado de Instalaci\u00f3n El\u00e9ctrica (CIE) es un documento oficial que certifica una instalaci\u00f3n el\u00e9ctrica","robots":{"index":"index","follow":"follow","max-snippet":"max-snippet:-1","max-image-preview":"max-image-preview:large","max-video-preview":"max-video-preview:-1"},"canonical":"https:\/\/instaenergia.com\/index.php\/boletin-electrico\/","og_locale":"es_ES","og_type":"article","og_title":"Certificado de Instalaci\u00f3n El\u00e9ctrica (CIE) - Insta Energ\u00eda","og_description":"El Bolet\u00edn El\u00e9ctrico o Certificado de Instalaci\u00f3n El\u00e9ctrica (CIE) es un documento oficial que certifica una instalaci\u00f3n el\u00e9ctrica","og_url":"https:\/\/instaenergia.com\/index.php\/boletin-electrico\/","og_site_name":"Insta Energ\u00eda","article_modified_time":"2024-08-02T23:28:00+00:00","og_image":[{"url":"https:\/\/instaenergia.com\/wp-content\/uploads\/2024\/03\/electric-1080585_1280-1024x682.jpg","type":"","width":"","height":""}],"twitter_card":"summary_large_image","twitter_misc":{"Tiempo de lectura":"2 minutos"},"schema":{"@context":"https:\/\/schema.org","@graph":[{"@type":"WebPage","@id":"https:\/\/instaenergia.com\/index.php\/boletin-electrico\/","url":"https:\/\/instaenergia.com\/index.php\/boletin-electrico\/","name":"Certificado de Instalaci\u00f3n El\u00e9ctrica (CIE) - Insta Energ\u00eda","isPartOf":{"@id":"https:\/\/instaenergia.com\/#website"},"primaryImageOfPage":{"@id":"https:\/\/instaenergia.com\/index.php\/boletin-electrico\/#primaryimage"},"image":{"@id":"https:\/\/instaenergia.com\/index.php\/boletin-electrico\/#primaryimage"},"thumbnailUrl":"https:\/\/instaenergia.com\/wp-content\/uploads\/2024\/03\/electric-1080585_1280-1024x682.jpg","datePublished":"2024-03-02T21:59:11+00:00","dateModified":"2024-08-02T23:28:00+00:00","description":"El Bolet\u00edn El\u00e9ctrico o Certificado de Instalaci\u00f3n El\u00e9ctrica (CIE) es un documento oficial que certifica una instalaci\u00f3n el\u00e9ctrica","breadcrumb":{"@id":"https:\/\/instaenergia.com\/index.php\/boletin-electrico\/#breadcrumb"},"inLanguage":"es","potentialAction":[{"@type":"ReadAction","target":["https:\/\/instaenergia.com\/index.php\/boletin-electrico\/"]}]},{"@type":"ImageObject","inLanguage":"es","@id":"https:\/\/instaenergia.com\/index.php\/boletin-electrico\/#primaryimage","url":"https:\/\/instaenergia.com\/wp-content\/uploads\/2024\/03\/electric-1080585_1280.jpg","contentUrl":"https:\/\/instaenergia.com\/wp-content\/uploads\/2024\/03\/electric-1080585_1280.jpg","width":1280,"height":852},{"@type":"BreadcrumbList","@id":"https:\/\/instaenergia.com\/index.php\/boletin-electrico\/#breadcrumb","itemListElement":[{"@type":"ListItem","position":1,"name":"Portada","item":"https:\/\/instaenergia.com\/"},{"@type":"ListItem","position":2,"name":"Certificado de Instalaci\u00f3n El\u00e9ctrica (CIE)"}]},{"@type":"WebSite","@id":"https:\/\/instaenergia.com\/#website","url":"https:\/\/instaenergia.com\/","name":"Insta Energ\u00eda","description":"Instalaciones el\u00e9ctricas","publisher":{"@id":"https:\/\/instaenergia.com\/#organization"},"potentialAction":[{"@type":"SearchAction","target":{"@type":"EntryPoint","urlTemplate":"https:\/\/instaenergia.com\/?s={search_term_string}"},"query-input":{"@type":"PropertyValueSpecification","valueRequired":true,"valueName":"search_term_string"}}],"inLanguage":"es"},{"@type":"Organization","@id":"https:\/\/instaenergia.com\/#organization","name":"Insta Energ\u00eda","url":"https:\/\/instaenergia.com\/","logo":{"@type":"ImageObject","inLanguage":"es","@id":"https:\/\/instaenergia.com\/#\/schema\/logo\/image\/","url":"https:\/\/instaenergia.com\/wp-content\/uploads\/2024\/08\/fulllogo_nobuffer.png","contentUrl":"https:\/\/instaenergia.com\/wp-content\/uploads\/2024\/08\/fulllogo_nobuffer.png","width":1280,"height":577,"caption":"Insta Energ\u00eda"},"image":{"@id":"https:\/\/instaenergia.com\/#\/schema\/logo\/image\/"}}]}},"_links":{"self":[{"href":"https:\/\/instaenergia.com\/index.php\/wp-json\/wp\/v2\/pages\/11","targetHints":{"allow":["GET"]}}],"collection":[{"href":"https:\/\/instaenergia.com\/index.php\/wp-json\/wp\/v2\/pages"}],"about":[{"href":"https:\/\/instaenergia.com\/index.php\/wp-json\/wp\/v2\/types\/page"}],"author":[{"embeddable":true,"href":"https:\/\/instaenergia.com\/index.php\/wp-json\/wp\/v2\/users\/1"}],"replies":[{"embeddable":true,"href":"https:\/\/instaenergia.com\/index.php\/wp-json\/wp\/v2\/comments?post=11"}],"version-history":[{"count":3,"href":"https:\/\/instaenergia.com\/index.php\/wp-json\/wp\/v2\/pages\/11\/revisions"}],"predecessor-version":[{"id":86,"href":"https:\/\/instaenergia.com\/index.php\/wp-json\/wp\/v2\/pages\/11\/revisions\/86"}],"wp:attachment":[{"href":"https:\/\/instaenergia.com\/index.php\/wp-json\/wp\/v2\/media?parent=11"}],"curies":[{"name":"wp","href":"https:\/\/api.w.org\/{rel}","templated":true}]}}