{"id":10,"date":"2024-03-02T22:59:11","date_gmt":"2024-03-02T21:59:11","guid":{"rendered":"https:\/\/instaenergia.com\/?page_id=10"},"modified":"2024-09-13T13:52:02","modified_gmt":"2024-09-13T11:52:02","slug":"servicios","status":"publish","type":"page","link":"https:\/\/instaenergia.com\/index.php\/servicios\/","title":{"rendered":"Servicios"},"content":{"rendered":"\n<div class=\"wp-block-group is-layout-flow wp-block-group-is-layout-flow\">\n<h2 class=\"wp-block-heading has-text-align-center\">Servicios a domicilio para particulares y empresas<\/h2>\n\n\n\n<p class=\"has-text-align-center\">\u00bfQuieres saber todo lo que podemos ofrecerte?<\/p>\n\n\n\n<hr class=\"wp-block-separator has-text-color has-main-color has-alpha-channel-opacity has-main-background-color has-background center mt-2\"\/>\n<\/div>\n\n\n\n<div class=\"wp-block-columns  cols-shadow cols-padding cols-single-sm gap-30 pt-3 pb-2 is-layout-flex wp-container-core-columns-is-layout-9d6595d7 wp-block-columns-is-layout-flex\">\n<div class=\"wp-block-column is-layout-flow wp-block-column-is-layout-flow\">\n<figure class=\"wp-block-image aligncenter size-large is-resized\"><img decoding=\"async\" data-src=\"https:\/\/instaenergia.com\/wp-content\/themes\/exs\/assets\/img\/icon.png\" alt=\"\" class=\"wp-image-270 lazyload\" style=\"--smush-placeholder-width: 150px; --smush-placeholder-aspect-ratio: 150\/150;width:75px;height:75px\" src=\"data:image\/svg+xml;base64,PHN2ZyB3aWR0aD0iMSIgaGVpZ2h0PSIxIiB4bWxucz0iaHR0cDovL3d3dy53My5vcmcvMjAwMC9zdmciPjwvc3ZnPg==\" \/><\/figure>\n\n\n\n<h4 class=\"wp-block-heading has-text-align-center mt-0 mb-05\">Revisiones Termogr\u00e1ficas<\/h4>\n\n\n\n<p class=\"has-text-align-center mb-2\">Nuestras revisiones de instalaciones incluyen una termograf\u00eda para la revisi\u00f3n de los circuitos.<\/p>\n\n\n\n<div class=\"wp-block-buttons is-content-justification-center is-layout-flex wp-container-core-buttons-is-layout-16018d1d wp-block-buttons-is-layout-flex\">\n<div class=\"wp-block-button\"><a class=\"wp-block-button__link wp-element-button\" href=\"https:\/\/instaenergia.com\/index.php\/contacts\/\">Cont\u00e1ctanos<\/a><\/div>\n<\/div>\n<\/div>\n\n\n\n<div class=\"wp-block-column is-layout-flow wp-block-column-is-layout-flow\">\n<figure class=\"wp-block-image aligncenter size-large is-resized\"><img decoding=\"async\" data-src=\"https:\/\/instaenergia.com\/wp-content\/themes\/exs\/assets\/img\/bulb-outline.png\" alt=\"\" class=\"wp-image-479 lazyload\" style=\"--smush-placeholder-width: 150px; --smush-placeholder-aspect-ratio: 150\/150;width:75px;height:75px\" src=\"data:image\/svg+xml;base64,PHN2ZyB3aWR0aD0iMSIgaGVpZ2h0PSIxIiB4bWxucz0iaHR0cDovL3d3dy53My5vcmcvMjAwMC9zdmciPjwvc3ZnPg==\" \/><\/figure>\n\n\n\n<h4 class=\"wp-block-heading has-text-align-center mt-0 mb-05\">Mantenimiento y Aver\u00edas<\/h4>\n\n\n\n<p class=\"has-text-align-center mb-2\">Resolvemos cualquier necesidad diaria para tu instalaci\u00f3n sea del tipo que sea.<\/p>\n\n\n\n<div class=\"wp-block-buttons is-content-justification-center is-layout-flex wp-container-core-buttons-is-layout-16018d1d wp-block-buttons-is-layout-flex\">\n<div class=\"wp-block-button\"><a class=\"wp-block-button__link wp-element-button\" href=\"https:\/\/instaenergia.com\/index.php\/contacts\/\">Cont\u00e1ctanos<\/a><\/div>\n<\/div>\n<\/div>\n\n\n\n<div class=\"wp-block-column is-layout-flow wp-block-column-is-layout-flow\">\n<figure class=\"wp-block-image aligncenter size-large is-resized is-style-default\"><img decoding=\"async\" data-src=\"https:\/\/instaenergia.com\/wp-content\/themes\/exs\/assets\/img\/color-wand-outline.png\" alt=\"\" class=\"wp-image-480 lazyload\" style=\"--smush-placeholder-width: 150px; --smush-placeholder-aspect-ratio: 150\/150;width:75px;height:75px\" src=\"data:image\/svg+xml;base64,PHN2ZyB3aWR0aD0iMSIgaGVpZ2h0PSIxIiB4bWxucz0iaHR0cDovL3d3dy53My5vcmcvMjAwMC9zdmciPjwvc3ZnPg==\" \/><\/figure>\n\n\n\n<h4 class=\"wp-block-heading has-text-align-center mt-0 mb-05\"><strong>Instalaciones Dom\u00f3ticas<\/strong><\/h4>\n\n\n\n<p class=\"has-text-align-center mb-2\">\u00bfEst\u00e1s pensando en a\u00f1adir algunas funcionalidad nuevas?<\/p>\n\n\n\n<div class=\"wp-block-buttons is-content-justification-center is-layout-flex wp-container-core-buttons-is-layout-16018d1d wp-block-buttons-is-layout-flex\">\n<div class=\"wp-block-button\"><a class=\"wp-block-button__link wp-element-button\" href=\"https:\/\/instaenergia.com\/index.php\/contacts\/\">Cont\u00e1ctanos<\/a><\/div>\n<\/div>\n<\/div>\n\n\n\n<div class=\"wp-block-column is-layout-flow wp-block-column-is-layout-flow\">\n<figure class=\"wp-block-image aligncenter size-large is-resized is-style-default\"><img decoding=\"async\" data-src=\"https:\/\/instaenergia.com\/wp-content\/themes\/exs\/assets\/img\/help-buoy.png\" alt=\"\" class=\"wp-image-487 lazyload\" style=\"--smush-placeholder-width: 150px; --smush-placeholder-aspect-ratio: 150\/150;width:75px;height:75px\" src=\"data:image\/svg+xml;base64,PHN2ZyB3aWR0aD0iMSIgaGVpZ2h0PSIxIiB4bWxucz0iaHR0cDovL3d3dy53My5vcmcvMjAwMC9zdmciPjwvc3ZnPg==\" \/><\/figure>\n\n\n\n<h4 class=\"wp-block-heading has-text-align-center mt-0 mb-05\">Sistemas de Seguridad<\/h4>\n\n\n\n<p class=\"has-text-align-center mb-2\">\u00bfC\u00e1maras? \u00bfControl de Accesos?<\/p>\n\n\n\n<div class=\"wp-block-buttons is-content-justification-center is-layout-flex wp-container-core-buttons-is-layout-16018d1d wp-block-buttons-is-layout-flex\">\n<div class=\"wp-block-button\"><a class=\"wp-block-button__link wp-element-button\" href=\"https:\/\/instaenergia.com\/index.php\/contacts\/\">Cont\u00e1ctanos<\/a><\/div>\n<\/div>\n<\/div>\n<\/div>\n\n\n\n<div class=\"wp-block-columns  cols-shadow cols-padding cols-single-sm gap-30 pb-6 is-layout-flex wp-container-core-columns-is-layout-9d6595d7 wp-block-columns-is-layout-flex\">\n<div class=\"wp-block-column is-layout-flow wp-block-column-is-layout-flow\">\n<figure class=\"wp-block-image aligncenter size-large is-resized is-style-default\"><img decoding=\"async\" data-src=\"https:\/\/instaenergia.com\/wp-content\/themes\/exs\/assets\/img\/help-buoy.png\" alt=\"\" class=\"wp-image-487 lazyload\" style=\"--smush-placeholder-width: 150px; --smush-placeholder-aspect-ratio: 150\/150;width:75px;height:75px\" src=\"data:image\/svg+xml;base64,PHN2ZyB3aWR0aD0iMSIgaGVpZ2h0PSIxIiB4bWxucz0iaHR0cDovL3d3dy53My5vcmcvMjAwMC9zdmciPjwvc3ZnPg==\" \/><\/figure>\n\n\n\n<h4 class=\"wp-block-heading has-text-align-center mt-0 mb-05\">Legalizaci\u00f3n de Instalaciones<\/h4>\n\n\n\n<p class=\"has-text-align-center mb-2\">Proyectos el\u00e9ctricos, Memorias t\u00e9cnicas, Bolet\u00edn El\u00e9ctrico&#8230;<\/p>\n\n\n\n<div class=\"wp-block-buttons is-content-justification-center is-layout-flex wp-container-core-buttons-is-layout-16018d1d wp-block-buttons-is-layout-flex\">\n<div class=\"wp-block-button\"><a class=\"wp-block-button__link wp-element-button\" href=\"https:\/\/instaenergia.com\/index.php\/contacts\/\">Cont\u00e1ctanos<\/a><\/div>\n<\/div>\n<\/div>\n\n\n\n<div class=\"wp-block-column is-layout-flow wp-block-column-is-layout-flow\">\n<figure class=\"wp-block-image aligncenter size-large is-resized\"><img decoding=\"async\" data-src=\"https:\/\/instaenergia.com\/wp-content\/themes\/exs\/assets\/img\/icon.png\" alt=\"\" class=\"wp-image-270 lazyload\" style=\"--smush-placeholder-width: 150px; --smush-placeholder-aspect-ratio: 150\/150;width:75px;height:75px\" src=\"data:image\/svg+xml;base64,PHN2ZyB3aWR0aD0iMSIgaGVpZ2h0PSIxIiB4bWxucz0iaHR0cDovL3d3dy53My5vcmcvMjAwMC9zdmciPjwvc3ZnPg==\" \/><\/figure>\n\n\n\n<h4 class=\"wp-block-heading has-text-align-center mt-0 mb-05\">Reformas el\u00e9ctricas<\/h4>\n\n\n\n<p class=\"has-text-align-center mb-2\">Adecuamos tu instalaci\u00f3n antigua a las necesidades actuales.<\/p>\n\n\n\n<div class=\"wp-block-buttons is-content-justification-center is-layout-flex wp-container-core-buttons-is-layout-16018d1d wp-block-buttons-is-layout-flex\">\n<div class=\"wp-block-button\"><a class=\"wp-block-button__link wp-element-button\" href=\"https:\/\/instaenergia.com\/index.php\/contacts\/\">Cont\u00e1ctanos<\/a><\/div>\n<\/div>\n<\/div>\n\n\n\n<div class=\"wp-block-column is-layout-flow wp-block-column-is-layout-flow\">\n<figure class=\"wp-block-image aligncenter size-large is-resized is-style-default\"><img decoding=\"async\" data-src=\"https:\/\/instaenergia.com\/wp-content\/themes\/exs\/assets\/img\/color-wand-outline.png\" alt=\"\" class=\"wp-image-480 lazyload\" style=\"--smush-placeholder-width: 150px; --smush-placeholder-aspect-ratio: 150\/150;width:75px;height:75px\" src=\"data:image\/svg+xml;base64,PHN2ZyB3aWR0aD0iMSIgaGVpZ2h0PSIxIiB4bWxucz0iaHR0cDovL3d3dy53My5vcmcvMjAwMC9zdmciPjwvc3ZnPg==\" \/><\/figure>\n\n\n\n<h4 class=\"wp-block-heading has-text-align-center mt-0 mb-05\"><strong>Ahorro energ\u00e9tico<\/strong><\/h4>\n\n\n\n<p class=\"has-text-align-center mb-2\">\u00bfQuieres pagar menos en tu factura todos los meses? Cuenta con nosotros.<\/p>\n\n\n\n<div class=\"wp-block-buttons is-content-justification-center is-layout-flex wp-container-core-buttons-is-layout-16018d1d wp-block-buttons-is-layout-flex\">\n<div class=\"wp-block-button\"><a class=\"wp-block-button__link wp-element-button\" href=\"https:\/\/instaenergia.com\/index.php\/contacts\/\">Cont\u00e1ctanos<\/a><\/div>\n<\/div>\n<\/div>\n\n\n\n<div class=\"wp-block-column is-layout-flow wp-block-column-is-layout-flow\">\n<figure class=\"wp-block-image aligncenter size-large is-resized\"><img decoding=\"async\" data-src=\"https:\/\/instaenergia.com\/wp-content\/themes\/exs\/assets\/img\/bulb-outline.png\" alt=\"\" class=\"wp-image-479 lazyload\" style=\"--smush-placeholder-width: 150px; --smush-placeholder-aspect-ratio: 150\/150;width:75px;height:75px\" src=\"data:image\/svg+xml;base64,PHN2ZyB3aWR0aD0iMSIgaGVpZ2h0PSIxIiB4bWxucz0iaHR0cDovL3d3dy53My5vcmcvMjAwMC9zdmciPjwvc3ZnPg==\" \/><\/figure>\n\n\n\n<h4 class=\"wp-block-heading has-text-align-center mt-0 mb-05\"><strong>Cargadores IRVE<\/strong><\/h4>\n\n\n\n<p class=\"has-text-align-center mb-2\">\u00bfNecesitas un punto de recarga para tu veh\u00edculo el\u00e9ctrico?<\/p>\n\n\n\n<div class=\"wp-block-buttons is-content-justification-center is-layout-flex wp-container-core-buttons-is-layout-16018d1d wp-block-buttons-is-layout-flex\">\n<div class=\"wp-block-button\"><a class=\"wp-block-button__link wp-element-button\" href=\"https:\/\/instaenergia.com\/index.php\/contacts\/\">Cont\u00e1ctanos<\/a><\/div>\n<\/div>\n<\/div>\n<\/div>\n\n\n\n<hr class=\"wp-block-separator alignfull has-alpha-channel-opacity\"\/>\n\n\n\n<div class=\"wp-block-group  pt-5 pb-3 is-layout-flow wp-block-group-is-layout-flow\">\n<h2 class=\"wp-block-heading has-text-align-center mb-05 has-xxl-font-size\">Seguridad de la instalaci\u00f3n el\u00e9ctrica<\/h2>\n\n\n\n<p class=\"has-text-align-center has-normal-font-size\">Recuerda que mantener tu instalaci\u00f3n el\u00e9ctrica actualizada y revisada no es solo un requisito legal,<br>sino garantizar tu seguridad y la de tu familia.<\/p>\n\n\n\n<hr class=\"wp-block-separator has-css-opacity center mt-2\"\/>\n<\/div>\n\n\n\n<div class=\"wp-block-columns pt-1 pb-1 is-layout-flex wp-container-core-columns-is-layout-9d6595d7 wp-block-columns-is-layout-flex\">\n<div class=\"wp-block-column is-layout-flow wp-block-column-is-layout-flow\">\n<div class=\"wp-block-columns is-not-stacked-on-mobile gap-15 is-layout-flex wp-container-core-columns-is-layout-9d6595d7 wp-block-columns-is-layout-flex\">\n<div class=\"wp-block-column is-layout-flow wp-block-column-is-layout-flow\" style=\"flex-basis:40px\">\n<h4 class=\"wp-block-heading is-style-circle-bg\"><mark style=\"background-color:var(--colorMain)\" class=\"has-inline-color has-light-color\">?<\/mark><\/h4>\n<\/div>\n\n\n\n<div class=\"wp-block-column is-layout-flow wp-block-column-is-layout-flow\">\n<h4 class=\"wp-block-heading\" style=\"margin-bottom:0.5em\">Siempre un profesional<\/h4>\n\n\n\n<p>No permitas que t\u00e9cnicos no autorizados por industria manipulen tu instalaci\u00f3n.<\/p>\n<\/div>\n<\/div>\n<\/div>\n\n\n\n<div class=\"wp-block-column is-layout-flow wp-block-column-is-layout-flow\">\n<div class=\"wp-block-columns is-not-stacked-on-mobile gap-15 is-layout-flex wp-container-core-columns-is-layout-9d6595d7 wp-block-columns-is-layout-flex\">\n<div class=\"wp-block-column is-layout-flow wp-block-column-is-layout-flow\" style=\"flex-basis:40px\">\n<h4 class=\"wp-block-heading is-style-circle-bg\"><mark style=\"background-color:var(--colorMain)\" class=\"has-inline-color has-light-color\">?<\/mark><\/h4>\n<\/div>\n\n\n\n<div class=\"wp-block-column is-layout-flow wp-block-column-is-layout-flow\">\n<h4 class=\"wp-block-heading\" style=\"margin-bottom:0.5em\">Revisiones peri\u00f3dicas<\/h4>\n\n\n\n<p>Solicita una revisi\u00f3n en tu hogar <strong>cada 5 a\u00f1os<\/strong>, o en tu negocio abierto al p\u00fablico anualmente.<\/p>\n<\/div>\n<\/div>\n<\/div>\n\n\n\n<div class=\"wp-block-column is-layout-flow wp-block-column-is-layout-flow\">\n<div class=\"wp-block-columns is-not-stacked-on-mobile gap-15 is-layout-flex wp-container-core-columns-is-layout-9d6595d7 wp-block-columns-is-layout-flex\">\n<div class=\"wp-block-column is-layout-flow wp-block-column-is-layout-flow\" style=\"flex-basis:40px\">\n<h4 class=\"wp-block-heading is-style-circle-bg\"><mark style=\"background-color:var(--colorMain)\" class=\"has-inline-color has-light-color\">?<\/mark><\/h4>\n<\/div>\n\n\n\n<div class=\"wp-block-column is-layout-flow wp-block-column-is-layout-flow\">\n<h4 class=\"wp-block-heading\" style=\"margin-bottom:0.5em\">No toleres los fallos<\/h4>\n\n\n\n<p>A menudo los peque\u00f1os fallos en la instalaci\u00f3n son s\u00edntomas de una aver\u00eda que puede empeorar. Avisa a un electricista para que lo revise.<\/p>\n<\/div>\n<\/div>\n<\/div>\n<\/div>\n","protected":false},"excerpt":{"rendered":"<p>Servicios a domicilio para particulares y empresas \u00bfQuieres saber todo lo que podemos ofrecerte? Revisiones Termogr\u00e1ficas Nuestras revisiones de instalaciones incluyen una termograf\u00eda para la revisi\u00f3n de los circuitos. Mantenimiento<span class=\"more-dots\">&#8230;<\/span><\/p>\n","protected":false},"author":1,"featured_media":0,"parent":0,"menu_order":0,"comment_status":"closed","ping_status":"closed","template":"","meta":{"footnotes":""},"class_list":["post-10","page","type-page","status-publish","hentry","no-post-thumbnail"],"yoast_head":"<!-- This site is optimized with the Yoast SEO plugin v27.5 - https:\/\/yoast.com\/product\/yoast-seo-wordpress\/ -->\n<title>Servicios - Insta Energ\u00eda<\/title>\n<meta name=\"description\" content=\"Servicios de electricidad a domicilio para particulares y empresas por parte de un instalador el\u00e9ctrico autorizado\" \/>\n<meta name=\"robots\" content=\"index, follow, max-snippet:-1, max-image-preview:large, max-video-preview:-1\" \/>\n<link rel=\"canonical\" href=\"https:\/\/instaenergia.com\/index.php\/servicios\/\" \/>\n<meta property=\"og:locale\" content=\"es_ES\" \/>\n<meta property=\"og:type\" content=\"article\" \/>\n<meta property=\"og:title\" content=\"Servicios - Insta Energ\u00eda\" \/>\n<meta property=\"og:description\" content=\"Servicios de electricidad a domicilio para particulares y empresas por parte de un instalador el\u00e9ctrico autorizado\" \/>\n<meta property=\"og:url\" content=\"https:\/\/instaenergia.com\/index.php\/servicios\/\" \/>\n<meta property=\"og:site_name\" content=\"Insta Energ\u00eda\" \/>\n<meta property=\"article:modified_time\" content=\"2024-09-13T11:52:02+00:00\" \/>\n<meta property=\"og:image\" content=\"https:\/\/instaenergia.com\/wp-content\/themes\/exs\/assets\/img\/icon.png\" \/>\n<meta name=\"twitter:card\" content=\"summary_large_image\" \/>\n<meta name=\"twitter:label1\" content=\"Tiempo de lectura\" \/>\n\t<meta name=\"twitter:data1\" content=\"3 minutos\" \/>\n<script type=\"application\/ld+json\" class=\"yoast-schema-graph\">{\"@context\":\"https:\\\/\\\/schema.org\",\"@graph\":[{\"@type\":\"WebPage\",\"@id\":\"https:\\\/\\\/instaenergia.com\\\/index.php\\\/servicios\\\/\",\"url\":\"https:\\\/\\\/instaenergia.com\\\/index.php\\\/servicios\\\/\",\"name\":\"Servicios - Insta Energ\u00eda\",\"isPartOf\":{\"@id\":\"https:\\\/\\\/instaenergia.com\\\/#website\"},\"primaryImageOfPage\":{\"@id\":\"https:\\\/\\\/instaenergia.com\\\/index.php\\\/servicios\\\/#primaryimage\"},\"image\":{\"@id\":\"https:\\\/\\\/instaenergia.com\\\/index.php\\\/servicios\\\/#primaryimage\"},\"thumbnailUrl\":\"https:\\\/\\\/instaenergia.com\\\/wp-content\\\/themes\\\/exs\\\/assets\\\/img\\\/icon.png\",\"datePublished\":\"2024-03-02T21:59:11+00:00\",\"dateModified\":\"2024-09-13T11:52:02+00:00\",\"description\":\"Servicios de electricidad a domicilio para particulares y empresas por parte de un instalador el\u00e9ctrico autorizado\",\"breadcrumb\":{\"@id\":\"https:\\\/\\\/instaenergia.com\\\/index.php\\\/servicios\\\/#breadcrumb\"},\"inLanguage\":\"es\",\"potentialAction\":[{\"@type\":\"ReadAction\",\"target\":[\"https:\\\/\\\/instaenergia.com\\\/index.php\\\/servicios\\\/\"]}]},{\"@type\":\"ImageObject\",\"inLanguage\":\"es\",\"@id\":\"https:\\\/\\\/instaenergia.com\\\/index.php\\\/servicios\\\/#primaryimage\",\"url\":\"\",\"contentUrl\":\"\"},{\"@type\":\"BreadcrumbList\",\"@id\":\"https:\\\/\\\/instaenergia.com\\\/index.php\\\/servicios\\\/#breadcrumb\",\"itemListElement\":[{\"@type\":\"ListItem\",\"position\":1,\"name\":\"Portada\",\"item\":\"https:\\\/\\\/instaenergia.com\\\/\"},{\"@type\":\"ListItem\",\"position\":2,\"name\":\"Servicios\"}]},{\"@type\":\"WebSite\",\"@id\":\"https:\\\/\\\/instaenergia.com\\\/#website\",\"url\":\"https:\\\/\\\/instaenergia.com\\\/\",\"name\":\"Insta Energ\u00eda\",\"description\":\"Instalaciones el\u00e9ctricas\",\"publisher\":{\"@id\":\"https:\\\/\\\/instaenergia.com\\\/#organization\"},\"potentialAction\":[{\"@type\":\"SearchAction\",\"target\":{\"@type\":\"EntryPoint\",\"urlTemplate\":\"https:\\\/\\\/instaenergia.com\\\/?s={search_term_string}\"},\"query-input\":{\"@type\":\"PropertyValueSpecification\",\"valueRequired\":true,\"valueName\":\"search_term_string\"}}],\"inLanguage\":\"es\"},{\"@type\":\"Organization\",\"@id\":\"https:\\\/\\\/instaenergia.com\\\/#organization\",\"name\":\"Insta Energ\u00eda\",\"url\":\"https:\\\/\\\/instaenergia.com\\\/\",\"logo\":{\"@type\":\"ImageObject\",\"inLanguage\":\"es\",\"@id\":\"https:\\\/\\\/instaenergia.com\\\/#\\\/schema\\\/logo\\\/image\\\/\",\"url\":\"https:\\\/\\\/instaenergia.com\\\/wp-content\\\/uploads\\\/2024\\\/08\\\/fulllogo_nobuffer.png\",\"contentUrl\":\"https:\\\/\\\/instaenergia.com\\\/wp-content\\\/uploads\\\/2024\\\/08\\\/fulllogo_nobuffer.png\",\"width\":1280,\"height\":577,\"caption\":\"Insta Energ\u00eda\"},\"image\":{\"@id\":\"https:\\\/\\\/instaenergia.com\\\/#\\\/schema\\\/logo\\\/image\\\/\"}}]}<\/script>\n<!-- \/ Yoast SEO plugin. -->","yoast_head_json":{"title":"Servicios - Insta Energ\u00eda","description":"Servicios de electricidad a domicilio para particulares y empresas por parte de un instalador el\u00e9ctrico autorizado","robots":{"index":"index","follow":"follow","max-snippet":"max-snippet:-1","max-image-preview":"max-image-preview:large","max-video-preview":"max-video-preview:-1"},"canonical":"https:\/\/instaenergia.com\/index.php\/servicios\/","og_locale":"es_ES","og_type":"article","og_title":"Servicios - Insta Energ\u00eda","og_description":"Servicios de electricidad a domicilio para particulares y empresas por parte de un instalador el\u00e9ctrico autorizado","og_url":"https:\/\/instaenergia.com\/index.php\/servicios\/","og_site_name":"Insta Energ\u00eda","article_modified_time":"2024-09-13T11:52:02+00:00","og_image":[{"url":"https:\/\/instaenergia.com\/wp-content\/themes\/exs\/assets\/img\/icon.png","type":"","width":"","height":""}],"twitter_card":"summary_large_image","twitter_misc":{"Tiempo de lectura":"3 minutos"},"schema":{"@context":"https:\/\/schema.org","@graph":[{"@type":"WebPage","@id":"https:\/\/instaenergia.com\/index.php\/servicios\/","url":"https:\/\/instaenergia.com\/index.php\/servicios\/","name":"Servicios - Insta Energ\u00eda","isPartOf":{"@id":"https:\/\/instaenergia.com\/#website"},"primaryImageOfPage":{"@id":"https:\/\/instaenergia.com\/index.php\/servicios\/#primaryimage"},"image":{"@id":"https:\/\/instaenergia.com\/index.php\/servicios\/#primaryimage"},"thumbnailUrl":"https:\/\/instaenergia.com\/wp-content\/themes\/exs\/assets\/img\/icon.png","datePublished":"2024-03-02T21:59:11+00:00","dateModified":"2024-09-13T11:52:02+00:00","description":"Servicios de electricidad a domicilio para particulares y empresas por parte de un instalador el\u00e9ctrico autorizado","breadcrumb":{"@id":"https:\/\/instaenergia.com\/index.php\/servicios\/#breadcrumb"},"inLanguage":"es","potentialAction":[{"@type":"ReadAction","target":["https:\/\/instaenergia.com\/index.php\/servicios\/"]}]},{"@type":"ImageObject","inLanguage":"es","@id":"https:\/\/instaenergia.com\/index.php\/servicios\/#primaryimage","url":"","contentUrl":""},{"@type":"BreadcrumbList","@id":"https:\/\/instaenergia.com\/index.php\/servicios\/#breadcrumb","itemListElement":[{"@type":"ListItem","position":1,"name":"Portada","item":"https:\/\/instaenergia.com\/"},{"@type":"ListItem","position":2,"name":"Servicios"}]},{"@type":"WebSite","@id":"https:\/\/instaenergia.com\/#website","url":"https:\/\/instaenergia.com\/","name":"Insta Energ\u00eda","description":"Instalaciones el\u00e9ctricas","publisher":{"@id":"https:\/\/instaenergia.com\/#organization"},"potentialAction":[{"@type":"SearchAction","target":{"@type":"EntryPoint","urlTemplate":"https:\/\/instaenergia.com\/?s={search_term_string}"},"query-input":{"@type":"PropertyValueSpecification","valueRequired":true,"valueName":"search_term_string"}}],"inLanguage":"es"},{"@type":"Organization","@id":"https:\/\/instaenergia.com\/#organization","name":"Insta Energ\u00eda","url":"https:\/\/instaenergia.com\/","logo":{"@type":"ImageObject","inLanguage":"es","@id":"https:\/\/instaenergia.com\/#\/schema\/logo\/image\/","url":"https:\/\/instaenergia.com\/wp-content\/uploads\/2024\/08\/fulllogo_nobuffer.png","contentUrl":"https:\/\/instaenergia.com\/wp-content\/uploads\/2024\/08\/fulllogo_nobuffer.png","width":1280,"height":577,"caption":"Insta Energ\u00eda"},"image":{"@id":"https:\/\/instaenergia.com\/#\/schema\/logo\/image\/"}}]}},"_links":{"self":[{"href":"https:\/\/instaenergia.com\/index.php\/wp-json\/wp\/v2\/pages\/10","targetHints":{"allow":["GET"]}}],"collection":[{"href":"https:\/\/instaenergia.com\/index.php\/wp-json\/wp\/v2\/pages"}],"about":[{"href":"https:\/\/instaenergia.com\/index.php\/wp-json\/wp\/v2\/types\/page"}],"author":[{"embeddable":true,"href":"https:\/\/instaenergia.com\/index.php\/wp-json\/wp\/v2\/users\/1"}],"replies":[{"embeddable":true,"href":"https:\/\/instaenergia.com\/index.php\/wp-json\/wp\/v2\/comments?post=10"}],"version-history":[{"count":5,"href":"https:\/\/instaenergia.com\/index.php\/wp-json\/wp\/v2\/pages\/10\/revisions"}],"predecessor-version":[{"id":253,"href":"https:\/\/instaenergia.com\/index.php\/wp-json\/wp\/v2\/pages\/10\/revisions\/253"}],"wp:attachment":[{"href":"https:\/\/instaenergia.com\/index.php\/wp-json\/wp\/v2\/media?parent=10"}],"curies":[{"name":"wp","href":"https:\/\/api.w.org\/{rel}","templated":true}]}}